{"id":586,"date":"2019-09-29T17:19:32","date_gmt":"2019-09-29T15:19:32","guid":{"rendered":"http:\/\/webservices34.fr\/?page_id=586"},"modified":"2024-02-27T20:58:13","modified_gmt":"2024-02-27T19:58:13","slug":"mentions-legales","status":"publish","type":"page","link":"https:\/\/webservices34.fr\/index.php\/mentions-legales\/","title":{"rendered":"Mentions l\u00e9gales"},"content":{"rendered":"<div class=\"post-content\">\n<h4><em><strong>H\u00e9bergement OVH<\/strong><\/em><\/h4>\n<p>SAS au capital de 10 069 020 \u20ac<br \/>\nRCS Lille M\u00e9tropole 424 761 419 00045<br \/>\nCode APE 2620Z<br \/>\nN\u00b0 TVA : FR 22 424 761 419<br \/>\nSi\u00e8ge social : 2 rue Kellermann \u2013 59100 Roubaix \u2013 France Directeur de la publication : Octave KLABA Pr\u00e9sident : Henryk KLABA Directeur g\u00e9n\u00e9ral : Miroslaw KLABA Directeur g\u00e9n\u00e9ral d\u00e9l\u00e9gu\u00e9 : Octave KLABA Directeur g\u00e9n\u00e9ral d\u00e9l\u00e9gu\u00e9 : Halina KLABA<\/p>\n<p><a href=\"https:\/\/www.ovh.com\/fr\/support\/mentions-legales\/\">Mentions l\u00e9gales<\/a><\/p>\n<h4><em><strong>Informations sur webservices34.fr<br \/>\n<\/strong><\/em><\/h4>\n<p><strong>email:<\/strong> contact@webservices34.fr<\/p>\n<p><strong>Adresse :\u00a0 Saint bauzille de la sylve<br \/>\n<\/strong><\/p>\n<h4><em><strong>Conditions d\u2019utilisation du site Internet www.webservices34.fr<\/strong><\/em><\/h4>\n<p>Le site et chacun des \u00e9l\u00e9ments, y compris mais sans limitation les marques, les logos, ic\u00f4nes, infographies, photographies, qui le composent sont prot\u00e9g\u00e9s au titre de la l\u00e9gislation internationale de la propri\u00e9t\u00e9 intellectuelle.<\/p>\n<p>Les contenus figurant sur le site sont la propri\u00e9t\u00e9 de webservices34 ou d\u2019autres entreprises. Toute utilisation, reproduction ou repr\u00e9sentation, par quelque proc\u00e9d\u00e9 que ce soit, et sur quelque support que ce soit, de tout ou partie du site et\/ou des \u00e9l\u00e9ments qui le composent n\u2019est pas autoris\u00e9e sans le consentement expresse d\u2019OVH et de WEBSERVICES34.fr.<\/p>\n<h4><em><strong>Traitement des donn\u00e9es personnelles<\/strong><\/em><\/h4>\n<p>Toutes les donn\u00e9es personnelles qui seraient recueillies dans le formulaire de contact seront trait\u00e9es avec la plus stricte confidentialit\u00e9. Plus particuli\u00e8rement, les messages \u00e9lectroniques et les adresses \u00e9lectroniques ne seront conserv\u00e9s que la dur\u00e9e n\u00e9cessaire \u00e0 leur traitement.<\/p>\n<p>Conform\u00e9ment \u00e0 la loi n\u00b078-17 du 6 janvier 1978 relative \u00e0 la protection des personnes physiques \u00e0 l\u2019\u00e9gard des traitements de donn\u00e9es \u00e0 caract\u00e8re personnel modifi\u00e9e par la loi n\u00b0 2004-801 du 6 ao\u00fbt 2004 (BOEM 160* et 722), la collecte, l\u2019enregistrement et la conservation automatis\u00e9s d\u2019informations nominatives s\u2019effectuent dans le cadre de la d\u00e9claration d\u2019un traitement d\u2019informations personnelles effectu\u00e9e aupr\u00e8s de la commission nationale de l\u2019informatique et des libert\u00e9s (CNIL). Le droit d\u2019acc\u00e8s, de modification, de rectification et de suppression de ces donn\u00e9es pr\u00e9vu s\u2019exerce, en justifiant de son identit\u00e9, par courriel, en utilisant le <a href=\"http:\/\/webservices34.fr\/index.php\/contact\/\">formulaire de contact<\/a> .<\/p>\n<p>Pour toute autre question, utilisez le <a href=\"http:\/\/webservices34.fr\/index.php\/contact\/\">formulaire de contact.<\/a><\/p>\n<\/div>\n","protected":false},"excerpt":{"rendered":"<p>H\u00e9bergement OVH SAS au capital de 10 069 020 \u20ac RCS Lille M\u00e9tropole 424 761 419 00045 Code APE 2620Z N\u00b0 TVA : FR 22 424 761 419 Si\u00e8ge social : 2 rue Kellermann \u2013 59100 Roubaix \u2013 France Directeur de la publication : Octave KLABA Pr\u00e9sident : Henryk KLABA Directeur g\u00e9n\u00e9ral : Miroslaw KLABA [&hellip;]<\/p>\n","protected":false},"author":1,"featured_media":0,"parent":0,"menu_order":0,"comment_status":"closed","ping_status":"closed","template":"","meta":[],"aioseo_notices":[],"_links":{"self":[{"href":"https:\/\/webservices34.fr\/index.php\/wp-json\/wp\/v2\/pages\/586"}],"collection":[{"href":"https:\/\/webservices34.fr\/index.php\/wp-json\/wp\/v2\/pages"}],"about":[{"href":"https:\/\/webservices34.fr\/index.php\/wp-json\/wp\/v2\/types\/page"}],"author":[{"embeddable":true,"href":"https:\/\/webservices34.fr\/index.php\/wp-json\/wp\/v2\/users\/1"}],"replies":[{"embeddable":true,"href":"https:\/\/webservices34.fr\/index.php\/wp-json\/wp\/v2\/comments?post=586"}],"version-history":[{"count":3,"href":"https:\/\/webservices34.fr\/index.php\/wp-json\/wp\/v2\/pages\/586\/revisions"}],"predecessor-version":[{"id":1176,"href":"https:\/\/webservices34.fr\/index.php\/wp-json\/wp\/v2\/pages\/586\/revisions\/1176"}],"wp:attachment":[{"href":"https:\/\/webservices34.fr\/index.php\/wp-json\/wp\/v2\/media?parent=586"}],"curies":[{"name":"wp","href":"https:\/\/api.w.org\/{rel}","templated":true}]}}