{"id":483,"date":"2019-02-15T15:50:09","date_gmt":"2019-02-15T14:50:09","guid":{"rendered":"http:\/\/webservices34.fr\/?page_id=483"},"modified":"2019-02-15T15:50:09","modified_gmt":"2019-02-15T14:50:09","slug":"creation-site-internet-34400-lunel","status":"publish","type":"page","link":"https:\/\/webservices34.fr\/index.php\/creation-site-internet-34400-lunel\/","title":{"rendered":"Cr\u00e9ation site internet 34400 Lunel"},"content":{"rendered":"<p><a href=\"http:\/\/webservices34.fr\/wp-content\/uploads\/2018\/07\/cr\u00e9ationSiteweb.png\"><img loading=\"lazy\" class=\"aligncenter size-full wp-image-115\" src=\"http:\/\/webservices34.fr\/wp-content\/uploads\/2018\/07\/cr\u00e9ationSiteweb.png\" alt=\"\" width=\"960\" height=\"468\" srcset=\"https:\/\/webservices34.fr\/wp-content\/uploads\/2018\/07\/cr\u00e9ationSiteweb.png 960w, https:\/\/webservices34.fr\/wp-content\/uploads\/2018\/07\/cr\u00e9ationSiteweb-600x293.png 600w, https:\/\/webservices34.fr\/wp-content\/uploads\/2018\/07\/cr\u00e9ationSiteweb-300x146.png 300w, https:\/\/webservices34.fr\/wp-content\/uploads\/2018\/07\/cr\u00e9ationSiteweb-768x374.png 768w\" sizes=\"(max-width: 960px) 100vw, 960px\" \/><\/a><\/p>\n<p class=\"Wp-Normal-P\"><span class=\"Normal-C-C5\">WebServices 34 \u00a0est\u00a0sp\u00e9cialis\u00e9 dans la cr\u00e9ation de <strong>sites internet (vitrine &amp; e-commerce)<\/strong>\u00a0et le r\u00e9f\u00e9rencement SEO.<\/span><\/p>\n<p class=\"Wp-Normal-P\"><span class=\"Normal-C-C5\">Nous intervenons en r\u00e9gion Occitanie dans le d\u00e9partement de l\u2019H\u00e9rault<\/span><span class=\"Normal-C-C5\"> 34400 Lunel<br \/>\n<\/span><\/p>\n<p class=\"\"><strong>Quelque soit la nature ou la taille de votre entreprise\u00a0<\/strong><strong>, la cr\u00e9ation de\u00a0<\/strong><strong>votre site web est<\/strong> <strong>indispensable pour vous faire connaitre et\u00a0vous d\u00e9marquer de la concurrence .<\/strong><\/p>\n<p class=\"\"><strong>Il n&#8217;est pas n\u00e9cessaire d\u2019avoir un site dont le prix est exorbitant , <\/strong>un simple site web de 3 pages peut suffire, l\u2019important \u00e9tant d\u2019avoir <strong>un<\/strong><b>\u00a0Site Moderne, Rapide, et S\u00e9curis\u00e9 <\/b><b>.<\/b><\/p>\n<p class=\"\">C\u2019est pour cel\u00e0 que nous vous proposons\u00a0<strong>plusieurs formules<\/strong>\u00a0adapt\u00e9es \u00e0 votre entreprise <b>.<\/b><\/p>\n<p>&nbsp;<\/p>\n<p>&nbsp;<\/p>\n<h1><a href=\"http:\/\/webservices34.fr\/wp-content\/uploads\/2018\/07\/FORMULES.png\"><img loading=\"lazy\" class=\"aligncenter wp-image-157\" src=\"http:\/\/webservices34.fr\/wp-content\/uploads\/2018\/07\/FORMULES.png\" alt=\"\" width=\"785\" height=\"145\" \/><\/a><\/h1>\n<h3><\/h3>\n<h3 style=\"text-align: center;\"><strong>PACK VISIBILITE<\/strong><\/h3>\n<p style=\"text-align: center;\"><!--more--><\/p>\n<h4 class=\"module-pricing-table-features\" style=\"text-align: center;\"><\/h4>\n<h4 class=\"module-pricing-table-features\" style=\"text-align: center;\"><a href=\"http:\/\/webservices34.fr\/wp-content\/uploads\/2018\/07\/fleche.png\"><img loading=\"lazy\" class=\" wp-image-147\" src=\"http:\/\/webservices34.fr\/wp-content\/uploads\/2018\/07\/fleche.png\" alt=\"\" width=\"31\" height=\"31\" srcset=\"https:\/\/webservices34.fr\/wp-content\/uploads\/2018\/07\/fleche.png 280w, https:\/\/webservices34.fr\/wp-content\/uploads\/2018\/07\/fleche-100x100.png 100w, https:\/\/webservices34.fr\/wp-content\/uploads\/2018\/07\/fleche-150x150.png 150w, https:\/\/webservices34.fr\/wp-content\/uploads\/2018\/07\/fleche-200x200.png 200w\" sizes=\"(max-width: 31px) 100vw, 31px\" \/><\/a>Installation et param\u00e9trage .<\/h4>\n<h4 class=\"module-pricing-table-features\" style=\"text-align: center;\"><a href=\"http:\/\/webservices34.fr\/wp-content\/uploads\/2018\/07\/fleche.png\"><img loading=\"lazy\" class=\" wp-image-147\" src=\"http:\/\/webservices34.fr\/wp-content\/uploads\/2018\/07\/fleche.png\" alt=\"\" width=\"31\" height=\"31\" srcset=\"https:\/\/webservices34.fr\/wp-content\/uploads\/2018\/07\/fleche.png 280w, https:\/\/webservices34.fr\/wp-content\/uploads\/2018\/07\/fleche-100x100.png 100w, https:\/\/webservices34.fr\/wp-content\/uploads\/2018\/07\/fleche-150x150.png 150w, https:\/\/webservices34.fr\/wp-content\/uploads\/2018\/07\/fleche-200x200.png 200w\" sizes=\"(max-width: 31px) 100vw, 31px\" \/><\/a>\u00a0Jusqu&#8217;\u00e0 3 pages.Ce pack comprend, en plus des 3 pages, les pages suivantes: Mentions L\u00e9gales, CGV).<\/h4>\n<h4 class=\"module-pricing-table-features\" style=\"text-align: center;\"><a href=\"http:\/\/webservices34.fr\/wp-content\/uploads\/2018\/07\/fleche.png\"><img loading=\"lazy\" class=\" wp-image-147\" src=\"http:\/\/webservices34.fr\/wp-content\/uploads\/2018\/07\/fleche.png\" alt=\"\" width=\"31\" height=\"31\" srcset=\"https:\/\/webservices34.fr\/wp-content\/uploads\/2018\/07\/fleche.png 280w, https:\/\/webservices34.fr\/wp-content\/uploads\/2018\/07\/fleche-100x100.png 100w, https:\/\/webservices34.fr\/wp-content\/uploads\/2018\/07\/fleche-150x150.png 150w, https:\/\/webservices34.fr\/wp-content\/uploads\/2018\/07\/fleche-200x200.png 200w\" sizes=\"(max-width: 31px) 100vw, 31px\" \/><\/a>R\u00e9f\u00e9rencement sur les principaux moteurs de recherches<\/h4>\n<h4 class=\"module-pricing-table-features\" style=\"text-align: center;\"><a href=\"http:\/\/webservices34.fr\/wp-content\/uploads\/2018\/07\/fleche.png\"><img loading=\"lazy\" class=\" wp-image-147\" src=\"http:\/\/webservices34.fr\/wp-content\/uploads\/2018\/07\/fleche.png\" alt=\"\" width=\"31\" height=\"31\" srcset=\"https:\/\/webservices34.fr\/wp-content\/uploads\/2018\/07\/fleche.png 280w, https:\/\/webservices34.fr\/wp-content\/uploads\/2018\/07\/fleche-100x100.png 100w, https:\/\/webservices34.fr\/wp-content\/uploads\/2018\/07\/fleche-150x150.png 150w, https:\/\/webservices34.fr\/wp-content\/uploads\/2018\/07\/fleche-200x200.png 200w\" sizes=\"(max-width: 31px) 100vw, 31px\" \/><\/a>Aucun frais cach\u00e9. Vous \u00eates propri\u00e9taire du site internet et du nom de domaine<\/h4>\n<h3 style=\"text-align: center;\"><strong>PACK VITRINE<\/strong><\/h3>\n<p style=\"text-align: center;\"><!--more--><\/p>\n<h4 class=\"module-pricing-table-features\" style=\"text-align: center;\"><\/h4>\n<h4 class=\"module-pricing-table-features\" style=\"text-align: center;\"><a href=\"http:\/\/webservices34.fr\/wp-content\/uploads\/2018\/07\/fleche.png\"><img loading=\"lazy\" class=\" wp-image-147\" src=\"http:\/\/webservices34.fr\/wp-content\/uploads\/2018\/07\/fleche.png\" alt=\"\" width=\"31\" height=\"31\" srcset=\"https:\/\/webservices34.fr\/wp-content\/uploads\/2018\/07\/fleche.png 280w, https:\/\/webservices34.fr\/wp-content\/uploads\/2018\/07\/fleche-100x100.png 100w, https:\/\/webservices34.fr\/wp-content\/uploads\/2018\/07\/fleche-150x150.png 150w, https:\/\/webservices34.fr\/wp-content\/uploads\/2018\/07\/fleche-200x200.png 200w\" sizes=\"(max-width: 31px) 100vw, 31px\" \/><\/a>Installation et param\u00e9trage .<\/h4>\n<h4 class=\"module-pricing-table-features\" style=\"text-align: center;\"><a href=\"http:\/\/webservices34.fr\/wp-content\/uploads\/2018\/07\/fleche.png\"><img loading=\"lazy\" class=\" wp-image-147\" src=\"http:\/\/webservices34.fr\/wp-content\/uploads\/2018\/07\/fleche.png\" alt=\"\" width=\"31\" height=\"31\" srcset=\"https:\/\/webservices34.fr\/wp-content\/uploads\/2018\/07\/fleche.png 280w, https:\/\/webservices34.fr\/wp-content\/uploads\/2018\/07\/fleche-100x100.png 100w, https:\/\/webservices34.fr\/wp-content\/uploads\/2018\/07\/fleche-150x150.png 150w, https:\/\/webservices34.fr\/wp-content\/uploads\/2018\/07\/fleche-200x200.png 200w\" sizes=\"(max-width: 31px) 100vw, 31px\" \/><\/a>\u00a0Jusqu&#8217;\u00e0 6 pages.Ce pack comprend, en plus des 6 pages, les pages suivantes: Contact, Mentions L\u00e9gales, CGV).<\/h4>\n<h4 class=\"module-pricing-table-features\" style=\"text-align: center;\"><a href=\"http:\/\/webservices34.fr\/wp-content\/uploads\/2018\/07\/fleche.png\"><img loading=\"lazy\" class=\" wp-image-147\" src=\"http:\/\/webservices34.fr\/wp-content\/uploads\/2018\/07\/fleche.png\" alt=\"\" width=\"31\" height=\"31\" srcset=\"https:\/\/webservices34.fr\/wp-content\/uploads\/2018\/07\/fleche.png 280w, https:\/\/webservices34.fr\/wp-content\/uploads\/2018\/07\/fleche-100x100.png 100w, https:\/\/webservices34.fr\/wp-content\/uploads\/2018\/07\/fleche-150x150.png 150w, https:\/\/webservices34.fr\/wp-content\/uploads\/2018\/07\/fleche-200x200.png 200w\" sizes=\"(max-width: 31px) 100vw, 31px\" \/><\/a>R\u00e9f\u00e9rencement sur les principaux moteurs de recherches<\/h4>\n<h4 class=\"module-pricing-table-features\" style=\"text-align: center;\"><a href=\"http:\/\/webservices34.fr\/wp-content\/uploads\/2018\/07\/fleche.png\"><img loading=\"lazy\" class=\" wp-image-147\" src=\"http:\/\/webservices34.fr\/wp-content\/uploads\/2018\/07\/fleche.png\" alt=\"\" width=\"31\" height=\"31\" srcset=\"https:\/\/webservices34.fr\/wp-content\/uploads\/2018\/07\/fleche.png 280w, https:\/\/webservices34.fr\/wp-content\/uploads\/2018\/07\/fleche-100x100.png 100w, https:\/\/webservices34.fr\/wp-content\/uploads\/2018\/07\/fleche-150x150.png 150w, https:\/\/webservices34.fr\/wp-content\/uploads\/2018\/07\/fleche-200x200.png 200w\" sizes=\"(max-width: 31px) 100vw, 31px\" \/><\/a>Cr\u00e9ation de 3 adresses emails pro (contact@votreentreprise.fr)<\/h4>\n<h4 class=\"module-pricing-table-features\" style=\"text-align: center;\"><a href=\"http:\/\/webservices34.fr\/wp-content\/uploads\/2018\/07\/fleche.png\"><img loading=\"lazy\" class=\" wp-image-147\" src=\"http:\/\/webservices34.fr\/wp-content\/uploads\/2018\/07\/fleche.png\" alt=\"\" width=\"31\" height=\"31\" srcset=\"https:\/\/webservices34.fr\/wp-content\/uploads\/2018\/07\/fleche.png 280w, https:\/\/webservices34.fr\/wp-content\/uploads\/2018\/07\/fleche-100x100.png 100w, https:\/\/webservices34.fr\/wp-content\/uploads\/2018\/07\/fleche-150x150.png 150w, https:\/\/webservices34.fr\/wp-content\/uploads\/2018\/07\/fleche-200x200.png 200w\" sizes=\"(max-width: 31px) 100vw, 31px\" \/><\/a>Formation de prise en main de votre site<\/h4>\n<h4 class=\"module-pricing-table-features\" style=\"text-align: center;\"><a href=\"http:\/\/webservices34.fr\/wp-content\/uploads\/2018\/07\/fleche.png\"><img loading=\"lazy\" class=\" wp-image-147\" src=\"http:\/\/webservices34.fr\/wp-content\/uploads\/2018\/07\/fleche.png\" alt=\"\" width=\"31\" height=\"31\" srcset=\"https:\/\/webservices34.fr\/wp-content\/uploads\/2018\/07\/fleche.png 280w, https:\/\/webservices34.fr\/wp-content\/uploads\/2018\/07\/fleche-100x100.png 100w, https:\/\/webservices34.fr\/wp-content\/uploads\/2018\/07\/fleche-150x150.png 150w, https:\/\/webservices34.fr\/wp-content\/uploads\/2018\/07\/fleche-200x200.png 200w\" sizes=\"(max-width: 31px) 100vw, 31px\" \/><\/a>Aucun frais cach\u00e9. Vous \u00eates propri\u00e9taire du site internet et du nom de domaine<\/h4>\n<h3 style=\"text-align: center;\"><strong>PACK E-BOUTIQUE<\/strong><\/h3>\n<h4 class=\"module-pricing-table-features\" style=\"text-align: center;\"><a href=\"http:\/\/webservices34.fr\/wp-content\/uploads\/2018\/07\/fleche.png\"><img loading=\"lazy\" class=\" wp-image-147\" src=\"http:\/\/webservices34.fr\/wp-content\/uploads\/2018\/07\/fleche.png\" alt=\"\" width=\"31\" height=\"31\" srcset=\"https:\/\/webservices34.fr\/wp-content\/uploads\/2018\/07\/fleche.png 280w, https:\/\/webservices34.fr\/wp-content\/uploads\/2018\/07\/fleche-100x100.png 100w, https:\/\/webservices34.fr\/wp-content\/uploads\/2018\/07\/fleche-150x150.png 150w, https:\/\/webservices34.fr\/wp-content\/uploads\/2018\/07\/fleche-200x200.png 200w\" sizes=\"(max-width: 31px) 100vw, 31px\" \/><\/a>Installation et param\u00e9trage .<\/h4>\n<h4 class=\"module-pricing-table-features\" style=\"text-align: center;\"><a href=\"http:\/\/webservices34.fr\/wp-content\/uploads\/2018\/07\/fleche.png\"><img loading=\"lazy\" class=\" wp-image-147\" src=\"http:\/\/webservices34.fr\/wp-content\/uploads\/2018\/07\/fleche.png\" alt=\"\" width=\"31\" height=\"31\" srcset=\"https:\/\/webservices34.fr\/wp-content\/uploads\/2018\/07\/fleche.png 280w, https:\/\/webservices34.fr\/wp-content\/uploads\/2018\/07\/fleche-100x100.png 100w, https:\/\/webservices34.fr\/wp-content\/uploads\/2018\/07\/fleche-150x150.png 150w, https:\/\/webservices34.fr\/wp-content\/uploads\/2018\/07\/fleche-200x200.png 200w\" sizes=\"(max-width: 31px) 100vw, 31px\" \/><\/a>\u00a0Jusqu&#8217;\u00e0 6 pages.Ce pack comprend, en plus des 6 pages, les pages suivantes: Contact, Mentions L\u00e9gales, CGV).<\/h4>\n<h4 class=\"module-pricing-table-features\" style=\"text-align: center;\"><a href=\"http:\/\/webservices34.fr\/wp-content\/uploads\/2018\/07\/fleche.png\"><img loading=\"lazy\" class=\" wp-image-147\" src=\"http:\/\/webservices34.fr\/wp-content\/uploads\/2018\/07\/fleche.png\" alt=\"\" width=\"31\" height=\"31\" srcset=\"https:\/\/webservices34.fr\/wp-content\/uploads\/2018\/07\/fleche.png 280w, https:\/\/webservices34.fr\/wp-content\/uploads\/2018\/07\/fleche-100x100.png 100w, https:\/\/webservices34.fr\/wp-content\/uploads\/2018\/07\/fleche-150x150.png 150w, https:\/\/webservices34.fr\/wp-content\/uploads\/2018\/07\/fleche-200x200.png 200w\" sizes=\"(max-width: 31px) 100vw, 31px\" \/><\/a>R\u00e9f\u00e9rencement sur les principaux moteurs de recherches<\/h4>\n<h4 class=\"module-pricing-table-features\" style=\"text-align: center;\"><a href=\"http:\/\/webservices34.fr\/wp-content\/uploads\/2018\/07\/fleche.png\"><img loading=\"lazy\" class=\" wp-image-147\" src=\"http:\/\/webservices34.fr\/wp-content\/uploads\/2018\/07\/fleche.png\" alt=\"\" width=\"31\" height=\"31\" srcset=\"https:\/\/webservices34.fr\/wp-content\/uploads\/2018\/07\/fleche.png 280w, https:\/\/webservices34.fr\/wp-content\/uploads\/2018\/07\/fleche-100x100.png 100w, https:\/\/webservices34.fr\/wp-content\/uploads\/2018\/07\/fleche-150x150.png 150w, https:\/\/webservices34.fr\/wp-content\/uploads\/2018\/07\/fleche-200x200.png 200w\" sizes=\"(max-width: 31px) 100vw, 31px\" \/><\/a>Configuration du syst\u00e8me de paiement en ligne (PayPal \/CB)<\/h4>\n<h4 class=\"module-pricing-table-features\" style=\"text-align: center;\"><a href=\"http:\/\/webservices34.fr\/wp-content\/uploads\/2018\/07\/fleche.png\"><img loading=\"lazy\" class=\" wp-image-147\" src=\"http:\/\/webservices34.fr\/wp-content\/uploads\/2018\/07\/fleche.png\" alt=\"\" width=\"31\" height=\"31\" srcset=\"https:\/\/webservices34.fr\/wp-content\/uploads\/2018\/07\/fleche.png 280w, https:\/\/webservices34.fr\/wp-content\/uploads\/2018\/07\/fleche-100x100.png 100w, https:\/\/webservices34.fr\/wp-content\/uploads\/2018\/07\/fleche-150x150.png 150w, https:\/\/webservices34.fr\/wp-content\/uploads\/2018\/07\/fleche-200x200.png 200w\" sizes=\"(max-width: 31px) 100vw, 31px\" \/><\/a>Configuration du module des statistiques (ventes,vues,visites)<\/h4>\n<h4 class=\"module-pricing-table-features\" style=\"text-align: center;\"><a href=\"http:\/\/webservices34.fr\/wp-content\/uploads\/2018\/07\/fleche.png\"><img loading=\"lazy\" class=\" wp-image-147\" src=\"http:\/\/webservices34.fr\/wp-content\/uploads\/2018\/07\/fleche.png\" alt=\"\" width=\"31\" height=\"31\" srcset=\"https:\/\/webservices34.fr\/wp-content\/uploads\/2018\/07\/fleche.png 280w, https:\/\/webservices34.fr\/wp-content\/uploads\/2018\/07\/fleche-100x100.png 100w, https:\/\/webservices34.fr\/wp-content\/uploads\/2018\/07\/fleche-150x150.png 150w, https:\/\/webservices34.fr\/wp-content\/uploads\/2018\/07\/fleche-200x200.png 200w\" sizes=\"(max-width: 31px) 100vw, 31px\" \/><\/a>Cr\u00e9ation de 3 adresses emails pro (contact@votreentreprise.fr)<\/h4>\n<h4 class=\"module-pricing-table-features\" style=\"text-align: center;\"><a href=\"http:\/\/webservices34.fr\/wp-content\/uploads\/2018\/07\/fleche.png\"><img loading=\"lazy\" class=\" wp-image-147\" src=\"http:\/\/webservices34.fr\/wp-content\/uploads\/2018\/07\/fleche.png\" alt=\"\" width=\"31\" height=\"31\" srcset=\"https:\/\/webservices34.fr\/wp-content\/uploads\/2018\/07\/fleche.png 280w, https:\/\/webservices34.fr\/wp-content\/uploads\/2018\/07\/fleche-100x100.png 100w, https:\/\/webservices34.fr\/wp-content\/uploads\/2018\/07\/fleche-150x150.png 150w, https:\/\/webservices34.fr\/wp-content\/uploads\/2018\/07\/fleche-200x200.png 200w\" sizes=\"(max-width: 31px) 100vw, 31px\" \/><\/a>Formation de prise en main de votre site<\/h4>\n<h4 class=\"module-pricing-table-features\" style=\"text-align: center;\"><a href=\"http:\/\/webservices34.fr\/wp-content\/uploads\/2018\/07\/fleche.png\"><img loading=\"lazy\" class=\" wp-image-147\" src=\"http:\/\/webservices34.fr\/wp-content\/uploads\/2018\/07\/fleche.png\" alt=\"\" width=\"31\" height=\"31\" srcset=\"https:\/\/webservices34.fr\/wp-content\/uploads\/2018\/07\/fleche.png 280w, https:\/\/webservices34.fr\/wp-content\/uploads\/2018\/07\/fleche-100x100.png 100w, https:\/\/webservices34.fr\/wp-content\/uploads\/2018\/07\/fleche-150x150.png 150w, https:\/\/webservices34.fr\/wp-content\/uploads\/2018\/07\/fleche-200x200.png 200w\" sizes=\"(max-width: 31px) 100vw, 31px\" \/><\/a>Aucun frais cach\u00e9. Vous \u00eates propri\u00e9taire du site internet et du nom de domaine<\/h4>\n<p style=\"text-align: center;\"><div id=\"rpt_pricr\" class=\"rpt_plans rpt_3_plans rpt_style_basic\"><div class=\" rpt_xxsm_price\"><div class=\"rpt_plan   rpt_plan_0  \"><div style=\"text-align:center;\" class=\"rpt_title rpt_title_0\">Pack Visibilit\u00e9<\/div><div class=\"rpt_head rpt_head_0\"><div class=\"rpt_price rpt_price_0\"><sup class=\"rpt_currency\"><\/sup>349 \u20ac <\/div><div style=\"color:#f45e27;\" class=\"rpt_subtitle rpt_subtitle_0\">         <\/div><\/div><a target=\"_self\" href=\"http:\/\/webservices34.fr\/index.php\/formulaire-de-contact\/\" style=\"background:#f45e27\" class=\"rpt_foot rpt_foot_0\">Je d\u00e9finis mon projet<\/a><\/div><div class=\"rpt_plan   rpt_plan_1  \"><div style=\"text-align:center;\" class=\"rpt_title rpt_title_1\">Pack Vitrine<\/div><div class=\"rpt_head rpt_head_1\"><div class=\"rpt_price rpt_price_1\"><sup class=\"rpt_currency\"><\/sup>890 \u20ac <\/div><div style=\"color:#f45e27;\" class=\"rpt_subtitle rpt_subtitle_1\">         <\/div><\/div><a target=\"_self\" href=\"http:\/\/webservices34.fr\/index.php\/formulaire-de-contact\/\" style=\"background:#f45e27\" class=\"rpt_foot rpt_foot_1\">Je d\u00e9finis mon projet<\/a><\/div><div class=\"rpt_plan   rpt_plan_2  \"><div style=\"text-align:center;\" class=\"rpt_title rpt_title_2\">Pack e-Boutique<\/div><div class=\"rpt_head rpt_head_2\"><div class=\"rpt_price rpt_price_2\"><sup class=\"rpt_currency\"><\/sup>990 \u20ac<\/div><div style=\"color:#f45e27;\" class=\"rpt_subtitle rpt_subtitle_2\">         <\/div><\/div><a target=\"_self\" href=\"http:\/\/webservices34.fr\/index.php\/formulaire-de-contact\/\" style=\"background:#f45e27\" class=\"rpt_foot rpt_foot_2\">Je d\u00e9finis mon projet<\/a><\/div><\/div><\/div><div style=\"clear:both;\"><\/div><\/p>\n<p style=\"text-align: center;\"><em>Nos tarifs sont affich\u00e9s en TTC<\/em><\/p>\n","protected":false},"excerpt":{"rendered":"<p>WebServices 34 \u00a0est\u00a0sp\u00e9cialis\u00e9 dans la cr\u00e9ation de sites internet (vitrine &amp; e-commerce)\u00a0et le r\u00e9f\u00e9rencement SEO. Nous intervenons en r\u00e9gion Occitanie dans le d\u00e9partement de l\u2019H\u00e9rault 34400 Lunel Quelque soit la nature ou la taille de votre entreprise\u00a0, la cr\u00e9ation de\u00a0votre site web est indispensable pour vous faire connaitre et\u00a0vous d\u00e9marquer de la concurrence . Il [&hellip;]<\/p>\n","protected":false},"author":1,"featured_media":0,"parent":0,"menu_order":0,"comment_status":"closed","ping_status":"closed","template":"","meta":[],"aioseo_notices":[],"_links":{"self":[{"href":"https:\/\/webservices34.fr\/index.php\/wp-json\/wp\/v2\/pages\/483"}],"collection":[{"href":"https:\/\/webservices34.fr\/index.php\/wp-json\/wp\/v2\/pages"}],"about":[{"href":"https:\/\/webservices34.fr\/index.php\/wp-json\/wp\/v2\/types\/page"}],"author":[{"embeddable":true,"href":"https:\/\/webservices34.fr\/index.php\/wp-json\/wp\/v2\/users\/1"}],"replies":[{"embeddable":true,"href":"https:\/\/webservices34.fr\/index.php\/wp-json\/wp\/v2\/comments?post=483"}],"version-history":[{"count":1,"href":"https:\/\/webservices34.fr\/index.php\/wp-json\/wp\/v2\/pages\/483\/revisions"}],"predecessor-version":[{"id":484,"href":"https:\/\/webservices34.fr\/index.php\/wp-json\/wp\/v2\/pages\/483\/revisions\/484"}],"wp:attachment":[{"href":"https:\/\/webservices34.fr\/index.php\/wp-json\/wp\/v2\/media?parent=483"}],"curies":[{"name":"wp","href":"https:\/\/api.w.org\/{rel}","templated":true}]}}