{"id":46,"date":"2018-07-05T11:29:07","date_gmt":"2018-07-05T09:29:07","guid":{"rendered":"http:\/\/webservices34.fr\/?page_id=46"},"modified":"2023-03-08T15:14:06","modified_gmt":"2023-03-08T14:14:06","slug":"vos-reseaux-sociaux","status":"publish","type":"page","link":"https:\/\/webservices34.fr\/index.php\/vos-reseaux-sociaux\/","title":{"rendered":"Vos R\u00e9seaux Sociaux"},"content":{"rendered":"\t\t<div data-elementor-type=\"wp-page\" data-elementor-id=\"46\" class=\"elementor elementor-46\">\n\t\t\t\t\t\t\t\t\t<section class=\"elementor-section elementor-top-section elementor-element elementor-element-5e6faed elementor-section-boxed elementor-section-height-default elementor-section-height-default\" data-id=\"5e6faed\" data-element_type=\"section\">\n\t\t\t\t\t\t<div class=\"elementor-container elementor-column-gap-default\">\n\t\t\t\t\t<div class=\"elementor-column elementor-col-100 elementor-top-column elementor-element elementor-element-bdaee0e\" data-id=\"bdaee0e\" data-element_type=\"column\">\n\t\t\t<div class=\"elementor-widget-wrap elementor-element-populated\">\n\t\t\t\t\t\t\t\t<div class=\"elementor-element elementor-element-733b4f2 elementor-widget elementor-widget-heading\" data-id=\"733b4f2\" data-element_type=\"widget\" data-widget_type=\"heading.default\">\n\t\t\t\t<div class=\"elementor-widget-container\">\n\t\t\t<style>\/*! elementor - v3.11.2 - 22-02-2023 *\/\n.elementor-heading-title{padding:0;margin:0;line-height:1}.elementor-widget-heading .elementor-heading-title[class*=elementor-size-]>a{color:inherit;font-size:inherit;line-height:inherit}.elementor-widget-heading .elementor-heading-title.elementor-size-small{font-size:15px}.elementor-widget-heading .elementor-heading-title.elementor-size-medium{font-size:19px}.elementor-widget-heading .elementor-heading-title.elementor-size-large{font-size:29px}.elementor-widget-heading .elementor-heading-title.elementor-size-xl{font-size:39px}.elementor-widget-heading .elementor-heading-title.elementor-size-xxl{font-size:59px}<\/style><h2 class=\"elementor-heading-title elementor-size-default\">Webservices34 vous propose 2 packs de r\u00e9f\u00e9rencement social qui selon votre entreprise ou associations r\u00e9pondent \u00e0 vos besoins .\n\nComment se d\u00e9roule votre r\u00e9f\u00e9rencement social avec Webservices34 ?\n\n<br><br>Vous effectuez une demande par email et\/ou t\u00e9l\u00e9phone , une fois vos attentes de communication valid\u00e9es par nos services , nous allons r\u00e9aliser vos r\u00e9seaux sociaux et les faire vivre.\n\n<br><br>Nous vous proposons aussi la r\u00e9alisation d'images , affiches promotionnelles afin de les poster sur Facebook , Instagram,tweeter...\n\n<br><br>Nos packs de r\u00e9f\u00e9rencement social n'ont pas d'engagement de dur\u00e9e , vous \u00eates donc libre de juger la qualit\u00e9 de notre communication et les multiples retours pour votre entreprise chaque mois.\n  <br><br><\/h2>\t\t<\/div>\n\t\t\t\t<\/div>\n\t\t\t\t\t<\/div>\n\t\t<\/div>\n\t\t\t\t\t\t\t<\/div>\n\t\t<\/section>\n\t\t\t\t<section class=\"elementor-section elementor-top-section elementor-element elementor-element-7d96cafc elementor-section-boxed elementor-section-height-default elementor-section-height-default\" data-id=\"7d96cafc\" data-element_type=\"section\">\n\t\t\t\t\t\t<div class=\"elementor-container elementor-column-gap-default\">\n\t\t\t\t\t<div class=\"elementor-column elementor-col-100 elementor-top-column elementor-element elementor-element-1400ef41\" data-id=\"1400ef41\" data-element_type=\"column\">\n\t\t\t<div class=\"elementor-widget-wrap elementor-element-populated\">\n\t\t\t\t\t\t\t\t<div class=\"elementor-element elementor-element-5bccaba3 elementor-widget elementor-widget-text-editor\" data-id=\"5bccaba3\" data-element_type=\"widget\" data-widget_type=\"text-editor.default\">\n\t\t\t\t<div class=\"elementor-widget-container\">\n\t\t\t<style>\/*! elementor - v3.11.2 - 22-02-2023 *\/\n.elementor-widget-text-editor.elementor-drop-cap-view-stacked .elementor-drop-cap{background-color:#818a91;color:#fff}.elementor-widget-text-editor.elementor-drop-cap-view-framed .elementor-drop-cap{color:#818a91;border:3px solid;background-color:transparent}.elementor-widget-text-editor:not(.elementor-drop-cap-view-default) .elementor-drop-cap{margin-top:8px}.elementor-widget-text-editor:not(.elementor-drop-cap-view-default) .elementor-drop-cap-letter{width:1em;height:1em}.elementor-widget-text-editor .elementor-drop-cap{float:left;text-align:center;line-height:1;font-size:50px}.elementor-widget-text-editor .elementor-drop-cap-letter{display:inline-block}<\/style>\t\t\t\t<p><a href=\"http:\/\/webservices34.fr\/wp-content\/uploads\/2018\/07\/R\u00e9seaux.png\"><img loading=\"lazy\" class=\"aligncenter size-full wp-image-239\" src=\"http:\/\/webservices34.fr\/wp-content\/uploads\/2018\/07\/R\u00e9seaux.png\" alt=\"\" width=\"960\" height=\"187\" srcset=\"https:\/\/webservices34.fr\/wp-content\/uploads\/2018\/07\/R\u00e9seaux.png 960w, https:\/\/webservices34.fr\/wp-content\/uploads\/2018\/07\/R\u00e9seaux-600x117.png 600w, https:\/\/webservices34.fr\/wp-content\/uploads\/2018\/07\/R\u00e9seaux-300x58.png 300w, https:\/\/webservices34.fr\/wp-content\/uploads\/2018\/07\/R\u00e9seaux-768x150.png 768w\" sizes=\"(max-width: 960px) 100vw, 960px\" \/><\/a><\/p><p><a href=\"http:\/\/webservices34.fr\/wp-content\/uploads\/2018\/07\/LOGO-RESEAUXSOCIAUX.png\">\u00a0<\/a><\/p><p>\u00a0<\/p><h3 style=\"text-align: center;\"><strong>PACK FIRST<\/strong><\/h3><h4 class=\"module-pricing-table-features\" style=\"text-align: center;\"><a href=\"http:\/\/webservices34.fr\/wp-content\/uploads\/2018\/07\/fleche.png\"><img loading=\"lazy\" class=\" wp-image-147\" src=\"http:\/\/webservices34.fr\/wp-content\/uploads\/2018\/07\/fleche.png\" sizes=\"(max-width: 31px) 100vw, 31px\" srcset=\"http:\/\/webservices34.fr\/wp-content\/uploads\/2018\/07\/fleche.png 280w, http:\/\/webservices34.fr\/wp-content\/uploads\/2018\/07\/fleche-150x150.png 150w, http:\/\/webservices34.fr\/wp-content\/uploads\/2018\/07\/fleche-200x200.png 200w\" alt=\"\" width=\"31\" height=\"31\" \/><\/a>\u00a0Analyse de votre Projet<\/h4><h4 class=\"module-pricing-table-features\" style=\"text-align: center;\"><a href=\"http:\/\/webservices34.fr\/wp-content\/uploads\/2018\/07\/fleche.png\"><img loading=\"lazy\" class=\" wp-image-147\" src=\"http:\/\/webservices34.fr\/wp-content\/uploads\/2018\/07\/fleche.png\" sizes=\"(max-width: 31px) 100vw, 31px\" srcset=\"http:\/\/webservices34.fr\/wp-content\/uploads\/2018\/07\/fleche.png 280w, http:\/\/webservices34.fr\/wp-content\/uploads\/2018\/07\/fleche-150x150.png 150w, http:\/\/webservices34.fr\/wp-content\/uploads\/2018\/07\/fleche-200x200.png 200w\" alt=\"\" width=\"31\" height=\"31\" \/><\/a>R\u00e9alisation de votre r\u00e9f\u00e9rencement social \u00a0.<\/h4><p style=\"text-align: center;\"><em>( Facebook, Instagram, Tweeter)<\/em><\/p><h4 class=\"module-pricing-table-features\" style=\"text-align: center;\"><a href=\"http:\/\/webservices34.fr\/wp-content\/uploads\/2018\/07\/fleche.png\"><img loading=\"lazy\" class=\" wp-image-147\" src=\"http:\/\/webservices34.fr\/wp-content\/uploads\/2018\/07\/fleche.png\" sizes=\"(max-width: 31px) 100vw, 31px\" srcset=\"http:\/\/webservices34.fr\/wp-content\/uploads\/2018\/07\/fleche.png 280w, http:\/\/webservices34.fr\/wp-content\/uploads\/2018\/07\/fleche-150x150.png 150w, http:\/\/webservices34.fr\/wp-content\/uploads\/2018\/07\/fleche-200x200.png 200w\" alt=\"\" width=\"31\" height=\"31\" \/><\/a>R\u00e9alisation de 2 posts\/Mois sur chaque r\u00e9seaux sociaux.<\/h4><p style=\"text-align: center;\"><em>(Informations sur votre entreprise \u00e0 nous communiquer)<\/em><\/p><h4 class=\"module-pricing-table-features\" style=\"text-align: center;\"><a href=\"http:\/\/webservices34.fr\/wp-content\/uploads\/2018\/07\/fleche.png\"><img loading=\"lazy\" class=\" wp-image-147\" src=\"http:\/\/webservices34.fr\/wp-content\/uploads\/2018\/07\/fleche.png\" sizes=\"(max-width: 31px) 100vw, 31px\" srcset=\"http:\/\/webservices34.fr\/wp-content\/uploads\/2018\/07\/fleche.png 280w, http:\/\/webservices34.fr\/wp-content\/uploads\/2018\/07\/fleche-150x150.png 150w, http:\/\/webservices34.fr\/wp-content\/uploads\/2018\/07\/fleche-200x200.png 200w\" alt=\"\" width=\"31\" height=\"31\" \/><\/a>\u00a0D\u00e9veloppement de votre communaut\u00e9.<\/h4><p>\u00a0<\/p><p>\u00a0<\/p><p>\u00a0<\/p><h3 style=\"text-align: center;\"><strong>PACK LUXE<\/strong><\/h3><h4 class=\"module-pricing-table-features\" style=\"text-align: center;\"><a href=\"http:\/\/webservices34.fr\/wp-content\/uploads\/2018\/07\/fleche.png\"><img loading=\"lazy\" class=\" wp-image-147\" src=\"http:\/\/webservices34.fr\/wp-content\/uploads\/2018\/07\/fleche.png\" sizes=\"(max-width: 31px) 100vw, 31px\" srcset=\"http:\/\/webservices34.fr\/wp-content\/uploads\/2018\/07\/fleche.png 280w, http:\/\/webservices34.fr\/wp-content\/uploads\/2018\/07\/fleche-150x150.png 150w, http:\/\/webservices34.fr\/wp-content\/uploads\/2018\/07\/fleche-200x200.png 200w\" alt=\"\" width=\"31\" height=\"31\" \/><\/a>\u00a0Analyse de votre Projet<\/h4><h4 class=\"module-pricing-table-features\" style=\"text-align: center;\"><a href=\"http:\/\/webservices34.fr\/wp-content\/uploads\/2018\/07\/fleche.png\"><img loading=\"lazy\" class=\" wp-image-147\" src=\"http:\/\/webservices34.fr\/wp-content\/uploads\/2018\/07\/fleche.png\" sizes=\"(max-width: 31px) 100vw, 31px\" srcset=\"http:\/\/webservices34.fr\/wp-content\/uploads\/2018\/07\/fleche.png 280w, http:\/\/webservices34.fr\/wp-content\/uploads\/2018\/07\/fleche-150x150.png 150w, http:\/\/webservices34.fr\/wp-content\/uploads\/2018\/07\/fleche-200x200.png 200w\" alt=\"\" width=\"31\" height=\"31\" \/><\/a>R\u00e9alisation de votre r\u00e9f\u00e9rencement social \u00a0.<\/h4><p style=\"text-align: center;\"><em>( Facebook, Instagram, Tweeter)<\/em><\/p><h4 class=\"module-pricing-table-features\" style=\"text-align: center;\"><a href=\"http:\/\/webservices34.fr\/wp-content\/uploads\/2018\/07\/fleche.png\"><img loading=\"lazy\" class=\" wp-image-147\" src=\"http:\/\/webservices34.fr\/wp-content\/uploads\/2018\/07\/fleche.png\" sizes=\"(max-width: 31px) 100vw, 31px\" srcset=\"http:\/\/webservices34.fr\/wp-content\/uploads\/2018\/07\/fleche.png 280w, http:\/\/webservices34.fr\/wp-content\/uploads\/2018\/07\/fleche-150x150.png 150w, http:\/\/webservices34.fr\/wp-content\/uploads\/2018\/07\/fleche-200x200.png 200w\" alt=\"\" width=\"31\" height=\"31\" \/><\/a>R\u00e9alisation de 8 posts\/Mois sur chaque r\u00e9seaux sociaux.<\/h4><p style=\"text-align: center;\"><em>(Informations sur votre entreprise \u00e0 nous communiquer)<\/em><\/p><h4 class=\"module-pricing-table-features\" style=\"text-align: center;\"><a href=\"http:\/\/webservices34.fr\/wp-content\/uploads\/2018\/07\/fleche.png\"><img loading=\"lazy\" class=\" wp-image-147\" src=\"http:\/\/webservices34.fr\/wp-content\/uploads\/2018\/07\/fleche.png\" sizes=\"(max-width: 31px) 100vw, 31px\" srcset=\"http:\/\/webservices34.fr\/wp-content\/uploads\/2018\/07\/fleche.png 280w, http:\/\/webservices34.fr\/wp-content\/uploads\/2018\/07\/fleche-150x150.png 150w, http:\/\/webservices34.fr\/wp-content\/uploads\/2018\/07\/fleche-200x200.png 200w\" alt=\"\" width=\"31\" height=\"31\" \/><\/a>R\u00e9alisation de 4 images publicitaire pour nos posts.<\/h4><p style=\"text-align: center;\"><em>(Informations sur votre entreprise \u00e0 nous communiquer)<\/em><\/p><h4 class=\"module-pricing-table-features\" style=\"text-align: center;\"><a href=\"http:\/\/webservices34.fr\/wp-content\/uploads\/2018\/07\/fleche.png\"><img loading=\"lazy\" class=\" wp-image-147\" src=\"http:\/\/webservices34.fr\/wp-content\/uploads\/2018\/07\/fleche.png\" sizes=\"(max-width: 31px) 100vw, 31px\" srcset=\"http:\/\/webservices34.fr\/wp-content\/uploads\/2018\/07\/fleche.png 280w, http:\/\/webservices34.fr\/wp-content\/uploads\/2018\/07\/fleche-150x150.png 150w, http:\/\/webservices34.fr\/wp-content\/uploads\/2018\/07\/fleche-200x200.png 200w\" alt=\"\" width=\"31\" height=\"31\" \/><\/a>\u00a0D\u00e9veloppement de votre communaut\u00e9.<\/h4><h4 class=\"module-pricing-table-features\" style=\"text-align: center;\"><a href=\"http:\/\/webservices34.fr\/wp-content\/uploads\/2018\/07\/fleche.png\"><img loading=\"lazy\" class=\" wp-image-147\" src=\"http:\/\/webservices34.fr\/wp-content\/uploads\/2018\/07\/fleche.png\" sizes=\"(max-width: 31px) 100vw, 31px\" srcset=\"http:\/\/webservices34.fr\/wp-content\/uploads\/2018\/07\/fleche.png 280w, http:\/\/webservices34.fr\/wp-content\/uploads\/2018\/07\/fleche-150x150.png 150w, http:\/\/webservices34.fr\/wp-content\/uploads\/2018\/07\/fleche-200x200.png 200w\" alt=\"\" width=\"31\" height=\"31\" \/><\/a>\u00a0Mise en place de sponsoring.<\/h4><p>\u00a0<\/p><p>\u00a0<\/p><p>\u00a0<\/p><p><div id=\"rpt_pricr\" class=\"rpt_plans rpt_2_plans rpt_style_basic\"><div class=\"\"><div class=\"rpt_plan   rpt_plan_0  \"><div style=\"text-align:left;\" class=\"rpt_title rpt_title_0\">Pack First<\/div><div class=\"rpt_head rpt_head_0\"><div class=\"rpt_price rpt_price_0\">119 \u20ac PAR MOIS<\/div><\/div><a target=\"_blank\" href=\"http:\/\/webservices34.fr\/index.php\/contact\/\" style=\"background:#dd9933\" class=\"rpt_foot rpt_foot_0\">Je cr\u00e9e ma communication<\/a><\/div><div class=\"rpt_plan   rpt_plan_1  \"><div style=\"text-align:left;\" class=\"rpt_title rpt_title_1\">Pack Luxe<\/div><div class=\"rpt_head rpt_head_1\"><div class=\"rpt_price rpt_price_1\">199 \u20ac PAR MOIS<\/div><\/div><a target=\"_blank\" href=\"http:\/\/webservices34.fr\/index.php\/contact\/\" style=\"background:#dd9933\" class=\"rpt_foot rpt_foot_1\">Je cr\u00e9e ma communication<\/a><\/div><\/div><\/div><div style=\"clear:both;\"><\/div><\/p><p style=\"text-align: center;\"><em>Nos tarifs sont affich\u00e9s en TTC<\/em><\/p><p>\u00a0<\/p>\t\t\t\t\t\t<\/div>\n\t\t\t\t<\/div>\n\t\t\t\t\t<\/div>\n\t\t<\/div>\n\t\t\t\t\t\t\t<\/div>\n\t\t<\/section>\n\t\t\t\t\t\t\t<\/div>\n\t\t","protected":false},"excerpt":{"rendered":"<p>Webservices34 vous propose 2 packs de r\u00e9f\u00e9rencement social qui selon votre entreprise ou associations r\u00e9pondent \u00e0 vos besoins . Comment se d\u00e9roule votre r\u00e9f\u00e9rencement social avec Webservices34 ? Vous effectuez une demande par email et\/ou t\u00e9l\u00e9phone , une fois vos attentes de communication valid\u00e9es par nos services , nous allons r\u00e9aliser vos r\u00e9seaux sociaux et [&hellip;]<\/p>\n","protected":false},"author":1,"featured_media":95,"parent":0,"menu_order":0,"comment_status":"closed","ping_status":"closed","template":"","meta":[],"aioseo_notices":[],"_links":{"self":[{"href":"https:\/\/webservices34.fr\/index.php\/wp-json\/wp\/v2\/pages\/46"}],"collection":[{"href":"https:\/\/webservices34.fr\/index.php\/wp-json\/wp\/v2\/pages"}],"about":[{"href":"https:\/\/webservices34.fr\/index.php\/wp-json\/wp\/v2\/types\/page"}],"author":[{"embeddable":true,"href":"https:\/\/webservices34.fr\/index.php\/wp-json\/wp\/v2\/users\/1"}],"replies":[{"embeddable":true,"href":"https:\/\/webservices34.fr\/index.php\/wp-json\/wp\/v2\/comments?post=46"}],"version-history":[{"count":15,"href":"https:\/\/webservices34.fr\/index.php\/wp-json\/wp\/v2\/pages\/46\/revisions"}],"predecessor-version":[{"id":1125,"href":"https:\/\/webservices34.fr\/index.php\/wp-json\/wp\/v2\/pages\/46\/revisions\/1125"}],"wp:featuredmedia":[{"embeddable":true,"href":"https:\/\/webservices34.fr\/index.php\/wp-json\/wp\/v2\/media\/95"}],"wp:attachment":[{"href":"https:\/\/webservices34.fr\/index.php\/wp-json\/wp\/v2\/media?parent=46"}],"curies":[{"name":"wp","href":"https:\/\/api.w.org\/{rel}","templated":true}]}}