{"id":42,"date":"2018-07-05T11:27:21","date_gmt":"2018-07-05T09:27:21","guid":{"rendered":"http:\/\/webservices34.fr\/?page_id=42"},"modified":"2023-03-08T15:23:25","modified_gmt":"2023-03-08T14:23:25","slug":"votre-video-promotionnelle","status":"publish","type":"page","link":"https:\/\/webservices34.fr\/index.php\/votre-video-promotionnelle\/","title":{"rendered":"Votre Vid\u00e9o Promotionnelle"},"content":{"rendered":"\t\t<div data-elementor-type=\"wp-page\" data-elementor-id=\"42\" class=\"elementor elementor-42\">\n\t\t\t\t\t\t\t\t\t<section class=\"elementor-section elementor-top-section elementor-element elementor-element-cae1cad elementor-section-boxed elementor-section-height-default elementor-section-height-default\" data-id=\"cae1cad\" data-element_type=\"section\">\n\t\t\t\t\t\t<div class=\"elementor-container elementor-column-gap-default\">\n\t\t\t\t\t<div class=\"elementor-column elementor-col-100 elementor-top-column elementor-element elementor-element-9587443\" data-id=\"9587443\" data-element_type=\"column\">\n\t\t\t<div class=\"elementor-widget-wrap elementor-element-populated\">\n\t\t\t\t\t\t\t\t<div class=\"elementor-element elementor-element-b8c9b3c elementor-widget elementor-widget-heading\" data-id=\"b8c9b3c\" data-element_type=\"widget\" data-widget_type=\"heading.default\">\n\t\t\t\t<div class=\"elementor-widget-container\">\n\t\t\t<style>\/*! elementor - v3.11.2 - 22-02-2023 *\/\n.elementor-heading-title{padding:0;margin:0;line-height:1}.elementor-widget-heading .elementor-heading-title[class*=elementor-size-]>a{color:inherit;font-size:inherit;line-height:inherit}.elementor-widget-heading .elementor-heading-title.elementor-size-small{font-size:15px}.elementor-widget-heading .elementor-heading-title.elementor-size-medium{font-size:19px}.elementor-widget-heading .elementor-heading-title.elementor-size-large{font-size:29px}.elementor-widget-heading .elementor-heading-title.elementor-size-xl{font-size:39px}.elementor-widget-heading .elementor-heading-title.elementor-size-xxl{font-size:59px}<\/style><h2 class=\"elementor-heading-title elementor-size-default\">Nous r\u00e9alisons pour vous la vid\u00e9o de votre Entreprise , Association ,\u00e9v\u00e8nements ...\n\n<br><br>Comment se d\u00e9roule la cr\u00e9ation de votre vid\u00e9o avec Webservices34 ?\n\n<br><br>Vous effectuez une demande par email et\/ou t\u00e9l\u00e9phone , une fois votre projet valid\u00e9 , nous allons r\u00e9aliser un premier jet de votre demande.\n\n<br><br>Vous allez pouvoir demander des modifications afin d'affiner au maximum votre id\u00e9e \u00e0 notre r\u00e9alisation.\n\n<br><br>Une fois la vid\u00e9o finalis\u00e9e et valid\u00e9e par vos soins nous vous remettons le\u00a0fichier informatique\u00a0pr\u00eat \u00e0 \u00eatre utilis\u00e9 par votre service communication .\n  <br><br><\/h2>\t\t<\/div>\n\t\t\t\t<\/div>\n\t\t\t\t\t<\/div>\n\t\t<\/div>\n\t\t\t\t\t\t\t<\/div>\n\t\t<\/section>\n\t\t\t\t<section class=\"elementor-section elementor-top-section elementor-element elementor-element-df6a7b4 elementor-section-boxed elementor-section-height-default elementor-section-height-default\" data-id=\"df6a7b4\" data-element_type=\"section\">\n\t\t\t\t\t\t<div class=\"elementor-container elementor-column-gap-default\">\n\t\t\t\t\t<div class=\"elementor-column elementor-col-100 elementor-top-column elementor-element elementor-element-5b18761b\" data-id=\"5b18761b\" data-element_type=\"column\">\n\t\t\t<div class=\"elementor-widget-wrap elementor-element-populated\">\n\t\t\t\t\t\t\t\t<div class=\"elementor-element elementor-element-550b6806 elementor-widget elementor-widget-text-editor\" data-id=\"550b6806\" data-element_type=\"widget\" data-widget_type=\"text-editor.default\">\n\t\t\t\t<div class=\"elementor-widget-container\">\n\t\t\t<style>\/*! elementor - v3.11.2 - 22-02-2023 *\/\n.elementor-widget-text-editor.elementor-drop-cap-view-stacked .elementor-drop-cap{background-color:#818a91;color:#fff}.elementor-widget-text-editor.elementor-drop-cap-view-framed .elementor-drop-cap{color:#818a91;border:3px solid;background-color:transparent}.elementor-widget-text-editor:not(.elementor-drop-cap-view-default) .elementor-drop-cap{margin-top:8px}.elementor-widget-text-editor:not(.elementor-drop-cap-view-default) .elementor-drop-cap-letter{width:1em;height:1em}.elementor-widget-text-editor .elementor-drop-cap{float:left;text-align:center;line-height:1;font-size:50px}.elementor-widget-text-editor .elementor-drop-cap-letter{display:inline-block}<\/style>\t\t\t\t<p>\u00a0<\/p><p><div id=\"rpt_pricr\" class=\"rpt_plans rpt_1_plans rpt_style_basic\"><div class=\"\"><div class=\"rpt_plan   rpt_plan_0  \"><div style=\"text-align:left;\" class=\"rpt_title rpt_title_0\"><img src=\"http:\/\/webservices34.fr\/wp-content\/uploads\/2018\/08\/LOGOpetit2.png\" class=\"rpt_icon rpt_icon_0\"\/>                                         Cr\u00e9ation de votre Vid\u00e9o Promotionnelle<\/div><div class=\"rpt_head rpt_head_0\"><div class=\"rpt_price rpt_price_0\"><\/div><\/div><a target=\"_blank\" href=\"http:\/\/webservices34.fr\/index.php\/contact\/\" style=\"background:#dd9933\" class=\"rpt_foot rpt_foot_0\">Demandez un Devis <\/a><\/div><\/div><\/div><div style=\"clear:both;\"><\/div><\/p>\t\t\t\t\t\t<\/div>\n\t\t\t\t<\/div>\n\t\t\t\t\t<\/div>\n\t\t<\/div>\n\t\t\t\t\t\t\t<\/div>\n\t\t<\/section>\n\t\t\t\t\t\t\t<\/div>\n\t\t","protected":false},"excerpt":{"rendered":"<p>Nous r\u00e9alisons pour vous la vid\u00e9o de votre Entreprise , Association ,\u00e9v\u00e8nements &#8230; Comment se d\u00e9roule la cr\u00e9ation de votre vid\u00e9o avec Webservices34 ? Vous effectuez une demande par email et\/ou t\u00e9l\u00e9phone , une fois votre projet valid\u00e9 , nous allons r\u00e9aliser un premier jet de votre demande. Vous allez pouvoir demander des modifications afin [&hellip;]<\/p>\n","protected":false},"author":1,"featured_media":0,"parent":0,"menu_order":0,"comment_status":"closed","ping_status":"closed","template":"","meta":[],"aioseo_notices":[],"_links":{"self":[{"href":"https:\/\/webservices34.fr\/index.php\/wp-json\/wp\/v2\/pages\/42"}],"collection":[{"href":"https:\/\/webservices34.fr\/index.php\/wp-json\/wp\/v2\/pages"}],"about":[{"href":"https:\/\/webservices34.fr\/index.php\/wp-json\/wp\/v2\/types\/page"}],"author":[{"embeddable":true,"href":"https:\/\/webservices34.fr\/index.php\/wp-json\/wp\/v2\/users\/1"}],"replies":[{"embeddable":true,"href":"https:\/\/webservices34.fr\/index.php\/wp-json\/wp\/v2\/comments?post=42"}],"version-history":[{"count":8,"href":"https:\/\/webservices34.fr\/index.php\/wp-json\/wp\/v2\/pages\/42\/revisions"}],"predecessor-version":[{"id":1137,"href":"https:\/\/webservices34.fr\/index.php\/wp-json\/wp\/v2\/pages\/42\/revisions\/1137"}],"wp:attachment":[{"href":"https:\/\/webservices34.fr\/index.php\/wp-json\/wp\/v2\/media?parent=42"}],"curies":[{"name":"wp","href":"https:\/\/api.w.org\/{rel}","templated":true}]}}