{"id":36,"date":"2018-07-04T15:59:26","date_gmt":"2018-07-04T13:59:26","guid":{"rendered":"http:\/\/webservices34.fr\/?page_id=36"},"modified":"2023-03-08T15:19:14","modified_gmt":"2023-03-08T14:19:14","slug":"creation-logo-dans-lherault-en-occitanie","status":"publish","type":"page","link":"https:\/\/webservices34.fr\/index.php\/creation-logo-dans-lherault-en-occitanie\/","title":{"rendered":"Cr\u00e9ation Logos"},"content":{"rendered":"\t\t<div data-elementor-type=\"wp-page\" data-elementor-id=\"36\" class=\"elementor elementor-36\">\n\t\t\t\t\t\t\t\t\t<section class=\"elementor-section elementor-top-section elementor-element elementor-element-e6d1660 elementor-section-boxed elementor-section-height-default elementor-section-height-default\" data-id=\"e6d1660\" data-element_type=\"section\">\n\t\t\t\t\t\t<div class=\"elementor-container elementor-column-gap-default\">\n\t\t\t\t\t<div class=\"elementor-column elementor-col-100 elementor-top-column elementor-element elementor-element-157338b\" data-id=\"157338b\" data-element_type=\"column\">\n\t\t\t<div class=\"elementor-widget-wrap elementor-element-populated\">\n\t\t\t\t\t\t\t\t<div class=\"elementor-element elementor-element-269359a elementor-widget elementor-widget-heading\" data-id=\"269359a\" data-element_type=\"widget\" data-widget_type=\"heading.default\">\n\t\t\t\t<div class=\"elementor-widget-container\">\n\t\t\t<style>\/*! elementor - v3.11.2 - 22-02-2023 *\/\n.elementor-heading-title{padding:0;margin:0;line-height:1}.elementor-widget-heading .elementor-heading-title[class*=elementor-size-]>a{color:inherit;font-size:inherit;line-height:inherit}.elementor-widget-heading .elementor-heading-title.elementor-size-small{font-size:15px}.elementor-widget-heading .elementor-heading-title.elementor-size-medium{font-size:19px}.elementor-widget-heading .elementor-heading-title.elementor-size-large{font-size:29px}.elementor-widget-heading .elementor-heading-title.elementor-size-xl{font-size:39px}.elementor-widget-heading .elementor-heading-title.elementor-size-xxl{font-size:59px}<\/style><h2 class=\"elementor-heading-title elementor-size-default\">Nous r\u00e9alisons pour vous le Logo de votre Entreprise , Association ...\n\n<br><br>Comment se d\u00e9roule la cr\u00e9ation de votre logo avec Webservices34 ?\n\n<br><br>Vous effectuez une demande par email et\/ou t\u00e9l\u00e9phone , une fois votre projet valid\u00e9 , nous allons r\u00e9aliser un premier jet de votre demande.\n\n<br><br>Vous allez pouvoir le modifier afin d'affiner au maximum votre id\u00e9e \u00e0 notre r\u00e9alisation.\n\n<br><br>Une fois la maquette finalis\u00e9e et valid\u00e9e par vos soins, nous vous remettons le\u00a0fichier informatique\u00a0pr\u00eat \u00e0 \u00eatre utilis\u00e9 par votre service communication .\n  <br><br><\/h2>\t\t<\/div>\n\t\t\t\t<\/div>\n\t\t\t\t\t<\/div>\n\t\t<\/div>\n\t\t\t\t\t\t\t<\/div>\n\t\t<\/section>\n\t\t\t\t<section class=\"elementor-section elementor-top-section elementor-element elementor-element-13974d95 elementor-section-boxed elementor-section-height-default elementor-section-height-default\" data-id=\"13974d95\" data-element_type=\"section\">\n\t\t\t\t\t\t<div class=\"elementor-container elementor-column-gap-default\">\n\t\t\t\t\t<div class=\"elementor-column elementor-col-100 elementor-top-column elementor-element elementor-element-34dcbd78\" data-id=\"34dcbd78\" data-element_type=\"column\">\n\t\t\t<div class=\"elementor-widget-wrap elementor-element-populated\">\n\t\t\t\t\t\t\t\t<div class=\"elementor-element elementor-element-27cb87fd elementor-widget elementor-widget-text-editor\" data-id=\"27cb87fd\" data-element_type=\"widget\" data-widget_type=\"text-editor.default\">\n\t\t\t\t<div class=\"elementor-widget-container\">\n\t\t\t<style>\/*! elementor - v3.11.2 - 22-02-2023 *\/\n.elementor-widget-text-editor.elementor-drop-cap-view-stacked .elementor-drop-cap{background-color:#818a91;color:#fff}.elementor-widget-text-editor.elementor-drop-cap-view-framed .elementor-drop-cap{color:#818a91;border:3px solid;background-color:transparent}.elementor-widget-text-editor:not(.elementor-drop-cap-view-default) .elementor-drop-cap{margin-top:8px}.elementor-widget-text-editor:not(.elementor-drop-cap-view-default) .elementor-drop-cap-letter{width:1em;height:1em}.elementor-widget-text-editor .elementor-drop-cap{float:left;text-align:center;line-height:1;font-size:50px}.elementor-widget-text-editor .elementor-drop-cap-letter{display:inline-block}<\/style>\t\t\t\t<h1><a href=\"http:\/\/webservices34.fr\/wp-content\/uploads\/2018\/07\/Nos-Formules-Logos.png\"><img loading=\"lazy\" class=\"aligncenter size-full wp-image-220\" src=\"http:\/\/webservices34.fr\/wp-content\/uploads\/2018\/07\/Nos-Formules-Logos.png\" alt=\"\" width=\"960\" height=\"187\" srcset=\"https:\/\/webservices34.fr\/wp-content\/uploads\/2018\/07\/Nos-Formules-Logos.png 960w, https:\/\/webservices34.fr\/wp-content\/uploads\/2018\/07\/Nos-Formules-Logos-600x117.png 600w, https:\/\/webservices34.fr\/wp-content\/uploads\/2018\/07\/Nos-Formules-Logos-300x58.png 300w, https:\/\/webservices34.fr\/wp-content\/uploads\/2018\/07\/Nos-Formules-Logos-768x150.png 768w\" sizes=\"(max-width: 960px) 100vw, 960px\" \/><\/a><\/h1><p>\u00a0<\/p><h3 style=\"text-align: center;\"><strong>PACK SIMPLY<\/strong><\/h3><h4 class=\"module-pricing-table-features\" style=\"text-align: center;\"><a href=\"http:\/\/webservices34.fr\/wp-content\/uploads\/2018\/07\/fleche.png\"><img loading=\"lazy\" class=\" wp-image-147\" src=\"http:\/\/webservices34.fr\/wp-content\/uploads\/2018\/07\/fleche.png\" sizes=\"(max-width: 31px) 100vw, 31px\" srcset=\"http:\/\/webservices34.fr\/wp-content\/uploads\/2018\/07\/fleche.png 280w, http:\/\/webservices34.fr\/wp-content\/uploads\/2018\/07\/fleche-150x150.png 150w, http:\/\/webservices34.fr\/wp-content\/uploads\/2018\/07\/fleche-200x200.png 200w\" alt=\"\" width=\"31\" height=\"31\" \/><\/a>\u00a0Analyse de votre Projet de logo<\/h4><h4 class=\"module-pricing-table-features\" style=\"text-align: center;\"><a href=\"http:\/\/webservices34.fr\/wp-content\/uploads\/2018\/07\/fleche.png\"><img loading=\"lazy\" class=\" wp-image-147\" src=\"http:\/\/webservices34.fr\/wp-content\/uploads\/2018\/07\/fleche.png\" sizes=\"(max-width: 31px) 100vw, 31px\" srcset=\"http:\/\/webservices34.fr\/wp-content\/uploads\/2018\/07\/fleche.png 280w, http:\/\/webservices34.fr\/wp-content\/uploads\/2018\/07\/fleche-150x150.png 150w, http:\/\/webservices34.fr\/wp-content\/uploads\/2018\/07\/fleche-200x200.png 200w\" alt=\"\" width=\"31\" height=\"31\" \/><\/a>R\u00e9alisation d&#8217;un logo pour votre entreprise.<\/h4><h4 class=\"module-pricing-table-features\" style=\"text-align: center;\"><a href=\"http:\/\/webservices34.fr\/wp-content\/uploads\/2018\/07\/fleche.png\"><img loading=\"lazy\" class=\" wp-image-147\" src=\"http:\/\/webservices34.fr\/wp-content\/uploads\/2018\/07\/fleche.png\" sizes=\"(max-width: 31px) 100vw, 31px\" srcset=\"http:\/\/webservices34.fr\/wp-content\/uploads\/2018\/07\/fleche.png 280w, http:\/\/webservices34.fr\/wp-content\/uploads\/2018\/07\/fleche-150x150.png 150w, http:\/\/webservices34.fr\/wp-content\/uploads\/2018\/07\/fleche-200x200.png 200w\" alt=\"\" width=\"31\" height=\"31\" \/><\/a>3 modifications afin d&#8217;affiner votre id\u00e9e \u00e0 notre r\u00e9alisation.<\/h4><h6 class=\"module-pricing-table-features\" style=\"text-align: center;\"><em>( au del\u00e0 de 3 demandes de modifications, nous serons dans l&#8217;obligation de facturer 9 euros par demande suppl\u00e9mentaire )<\/em><\/h6><h4 class=\"module-pricing-table-features\" style=\"text-align: center;\"><a href=\"http:\/\/webservices34.fr\/wp-content\/uploads\/2018\/07\/fleche.png\"><img loading=\"lazy\" class=\" wp-image-147\" src=\"http:\/\/webservices34.fr\/wp-content\/uploads\/2018\/07\/fleche.png\" sizes=\"(max-width: 31px) 100vw, 31px\" srcset=\"http:\/\/webservices34.fr\/wp-content\/uploads\/2018\/07\/fleche.png 280w, http:\/\/webservices34.fr\/wp-content\/uploads\/2018\/07\/fleche-150x150.png 150w, http:\/\/webservices34.fr\/wp-content\/uploads\/2018\/07\/fleche-200x200.png 200w\" alt=\"\" width=\"31\" height=\"31\" \/><\/a>Envoi du fichier informatique\u00a0(png , jpg, psd, pdf ).<\/h4><p>\u00a0<\/p><h4 class=\"module-pricing-table-features\" style=\"text-align: center;\">\u00a0<\/h4><h3 style=\"text-align: center;\"><strong>PACK EXPERT<\/strong><\/h3><h4 class=\"module-pricing-table-features\" style=\"text-align: center;\"><a href=\"http:\/\/webservices34.fr\/wp-content\/uploads\/2018\/07\/fleche.png\"><img loading=\"lazy\" class=\" wp-image-147\" src=\"http:\/\/webservices34.fr\/wp-content\/uploads\/2018\/07\/fleche.png\" sizes=\"(max-width: 31px) 100vw, 31px\" srcset=\"http:\/\/webservices34.fr\/wp-content\/uploads\/2018\/07\/fleche.png 280w, http:\/\/webservices34.fr\/wp-content\/uploads\/2018\/07\/fleche-150x150.png 150w, http:\/\/webservices34.fr\/wp-content\/uploads\/2018\/07\/fleche-200x200.png 200w\" alt=\"\" width=\"31\" height=\"31\" \/><\/a>\u00a0Analyse de votre Projet de logo<\/h4><h4 class=\"module-pricing-table-features\" style=\"text-align: center;\"><a href=\"http:\/\/webservices34.fr\/wp-content\/uploads\/2018\/07\/fleche.png\"><img loading=\"lazy\" class=\" wp-image-147\" src=\"http:\/\/webservices34.fr\/wp-content\/uploads\/2018\/07\/fleche.png\" sizes=\"(max-width: 31px) 100vw, 31px\" srcset=\"http:\/\/webservices34.fr\/wp-content\/uploads\/2018\/07\/fleche.png 280w, http:\/\/webservices34.fr\/wp-content\/uploads\/2018\/07\/fleche-150x150.png 150w, http:\/\/webservices34.fr\/wp-content\/uploads\/2018\/07\/fleche-200x200.png 200w\" alt=\"\" width=\"31\" height=\"31\" \/><\/a>R\u00e9alisation de 3 logos pour votre entreprise afin de vous donner le choix.<\/h4><h4 class=\"module-pricing-table-features\" style=\"text-align: center;\"><a href=\"http:\/\/webservices34.fr\/wp-content\/uploads\/2018\/07\/fleche.png\"><img loading=\"lazy\" class=\" wp-image-147\" src=\"http:\/\/webservices34.fr\/wp-content\/uploads\/2018\/07\/fleche.png\" sizes=\"(max-width: 31px) 100vw, 31px\" srcset=\"http:\/\/webservices34.fr\/wp-content\/uploads\/2018\/07\/fleche.png 280w, http:\/\/webservices34.fr\/wp-content\/uploads\/2018\/07\/fleche-150x150.png 150w, http:\/\/webservices34.fr\/wp-content\/uploads\/2018\/07\/fleche-200x200.png 200w\" alt=\"\" width=\"31\" height=\"31\" \/><\/a>5 modifications afin d&#8217;affiner votre id\u00e9e \u00e0 notre r\u00e9alisation.<\/h4><h6 class=\"module-pricing-table-features\" style=\"text-align: center;\"><em>( au del\u00e0 de 5 demandes de modifications, nous serons dans l&#8217;obligation de facturer 9 euros par demande suppl\u00e9mentaire )<\/em><\/h6><h4 class=\"module-pricing-table-features\" style=\"text-align: center;\"><a href=\"http:\/\/webservices34.fr\/wp-content\/uploads\/2018\/07\/fleche.png\"><img loading=\"lazy\" class=\" wp-image-147\" src=\"http:\/\/webservices34.fr\/wp-content\/uploads\/2018\/07\/fleche.png\" sizes=\"(max-width: 31px) 100vw, 31px\" srcset=\"http:\/\/webservices34.fr\/wp-content\/uploads\/2018\/07\/fleche.png 280w, http:\/\/webservices34.fr\/wp-content\/uploads\/2018\/07\/fleche-150x150.png 150w, http:\/\/webservices34.fr\/wp-content\/uploads\/2018\/07\/fleche-200x200.png 200w\" alt=\"\" width=\"31\" height=\"31\" \/><\/a>Envoi du fichier informatique (png , jpg, psd, pdf ).<\/h4><p>\u00a0<\/p><p>\u00a0<\/p><p>\u00a0<\/p><p><div id=\"rpt_pricr\" class=\"rpt_plans rpt_2_plans rpt_style_basic\"><div class=\"\"><div class=\"rpt_plan   rpt_plan_0  \"><div style=\"text-align:left;\" class=\"rpt_title rpt_title_0\"><img src=\"http:\/\/webservices34.fr\/wp-content\/uploads\/2018\/08\/LOGOpetit2.png\" class=\"rpt_icon rpt_icon_0\"\/> Pack Simply<\/div><div class=\"rpt_head rpt_head_0\"><div class=\"rpt_price rpt_price_0\">89 \u20ac<\/div><\/div><a target=\"_blank\" href=\"http:\/\/webservices34.fr\/index.php\/contact\/\" style=\"background:#dd9933\" class=\"rpt_foot rpt_foot_0\">Effectuez votre demande <\/a><\/div><div class=\"rpt_plan   rpt_plan_1  \"><div style=\"text-align:left;\" class=\"rpt_title rpt_title_1\"><img src=\"http:\/\/webservices34.fr\/wp-content\/uploads\/2018\/08\/LOGOpetit2.png\" class=\"rpt_icon rpt_icon_1\"\/> Pack Expert<\/div><div class=\"rpt_head rpt_head_1\"><div class=\"rpt_price rpt_price_1\">169 \u20ac<\/div><\/div><a target=\"_blank\" href=\"http:\/\/webservices34.fr\/index.php\/contact\/\" style=\"background:#dd9933\" class=\"rpt_foot rpt_foot_1\">Effectuez votre demande <\/a><\/div><\/div><\/div><div style=\"clear:both;\"><\/div><\/p><p style=\"text-align: center;\"><em>Nos tarifs sont affich\u00e9s en TTC<\/em><\/p>\t\t\t\t\t\t<\/div>\n\t\t\t\t<\/div>\n\t\t\t\t\t<\/div>\n\t\t<\/div>\n\t\t\t\t\t\t\t<\/div>\n\t\t<\/section>\n\t\t\t\t\t\t\t<\/div>\n\t\t","protected":false},"excerpt":{"rendered":"<p>Nous r\u00e9alisons pour vous le Logo de votre Entreprise , Association &#8230; Comment se d\u00e9roule la cr\u00e9ation de votre logo avec Webservices34 ? Vous effectuez une demande par email et\/ou t\u00e9l\u00e9phone , une fois votre projet valid\u00e9 , nous allons r\u00e9aliser un premier jet de votre demande. Vous allez pouvoir le modifier afin d&#8217;affiner au [&hellip;]<\/p>\n","protected":false},"author":1,"featured_media":0,"parent":0,"menu_order":0,"comment_status":"closed","ping_status":"closed","template":"","meta":[],"aioseo_notices":[],"_links":{"self":[{"href":"https:\/\/webservices34.fr\/index.php\/wp-json\/wp\/v2\/pages\/36"}],"collection":[{"href":"https:\/\/webservices34.fr\/index.php\/wp-json\/wp\/v2\/pages"}],"about":[{"href":"https:\/\/webservices34.fr\/index.php\/wp-json\/wp\/v2\/types\/page"}],"author":[{"embeddable":true,"href":"https:\/\/webservices34.fr\/index.php\/wp-json\/wp\/v2\/users\/1"}],"replies":[{"embeddable":true,"href":"https:\/\/webservices34.fr\/index.php\/wp-json\/wp\/v2\/comments?post=36"}],"version-history":[{"count":15,"href":"https:\/\/webservices34.fr\/index.php\/wp-json\/wp\/v2\/pages\/36\/revisions"}],"predecessor-version":[{"id":1131,"href":"https:\/\/webservices34.fr\/index.php\/wp-json\/wp\/v2\/pages\/36\/revisions\/1131"}],"wp:attachment":[{"href":"https:\/\/webservices34.fr\/index.php\/wp-json\/wp\/v2\/media?parent=36"}],"curies":[{"name":"wp","href":"https:\/\/api.w.org\/{rel}","templated":true}]}}