{"id":35,"date":"2018-07-04T15:59:26","date_gmt":"2018-07-04T13:59:26","guid":{"rendered":"http:\/\/webservices34.fr\/?page_id=35"},"modified":"2023-03-08T15:21:10","modified_gmt":"2023-03-08T14:21:10","slug":"creation-flyers","status":"publish","type":"page","link":"https:\/\/webservices34.fr\/index.php\/creation-flyers\/","title":{"rendered":"Cr\u00e9ation Flyers"},"content":{"rendered":"\t\t<div data-elementor-type=\"wp-page\" data-elementor-id=\"35\" class=\"elementor elementor-35\">\n\t\t\t\t\t\t\t\t\t<section class=\"elementor-section elementor-top-section elementor-element elementor-element-45afeec elementor-section-boxed elementor-section-height-default elementor-section-height-default\" data-id=\"45afeec\" data-element_type=\"section\">\n\t\t\t\t\t\t<div class=\"elementor-container elementor-column-gap-default\">\n\t\t\t\t\t<div class=\"elementor-column elementor-col-100 elementor-top-column elementor-element elementor-element-9f06b4e\" data-id=\"9f06b4e\" data-element_type=\"column\">\n\t\t\t<div class=\"elementor-widget-wrap elementor-element-populated\">\n\t\t\t\t\t\t\t\t<div class=\"elementor-element elementor-element-74688f5 elementor-widget elementor-widget-heading\" data-id=\"74688f5\" data-element_type=\"widget\" data-widget_type=\"heading.default\">\n\t\t\t\t<div class=\"elementor-widget-container\">\n\t\t\t<style>\/*! elementor - v3.11.2 - 22-02-2023 *\/\n.elementor-heading-title{padding:0;margin:0;line-height:1}.elementor-widget-heading .elementor-heading-title[class*=elementor-size-]>a{color:inherit;font-size:inherit;line-height:inherit}.elementor-widget-heading .elementor-heading-title.elementor-size-small{font-size:15px}.elementor-widget-heading .elementor-heading-title.elementor-size-medium{font-size:19px}.elementor-widget-heading .elementor-heading-title.elementor-size-large{font-size:29px}.elementor-widget-heading .elementor-heading-title.elementor-size-xl{font-size:39px}.elementor-widget-heading .elementor-heading-title.elementor-size-xxl{font-size:59px}<\/style><h2 class=\"elementor-heading-title elementor-size-default\">Nous r\u00e9alisons pour vous vos documents publicitaires et commerciaux (Flyers, Cartes de visites,Promotions ...) .\n\n<br><br>Comment se d\u00e9roule la cr\u00e9ation de votre communication ?\n\n<br><br>Vous effectuez une demande par email et\/ou t\u00e9l\u00e9phone , une fois votre projet valid\u00e9 , nous allons r\u00e9aliser un premier jet de votre demande.\n\n<br><br>Vous allez pouvoir le modifier jusqu'a 3 fois afin d'affiner au maximum votre id\u00e9e \u00e0 notre r\u00e9alisation ( au del\u00e0 de 3 demandes de modifications nous serons dans l'obligation de facturer 9 euros par demande suppl\u00e9mentaire )\n\n<br><br>Une fois la maquette finalis\u00e9e et valid\u00e9e par vos soins nous vous remettons le\u00a0fichier informatique\u00a0pr\u00eat \u00e0 \u00eatre imprim\u00e9 par l'imprimeur de votre choix .\n  <br><br><\/h2>\t\t<\/div>\n\t\t\t\t<\/div>\n\t\t\t\t\t<\/div>\n\t\t<\/div>\n\t\t\t\t\t\t\t<\/div>\n\t\t<\/section>\n\t\t\t\t<section class=\"elementor-section elementor-top-section elementor-element elementor-element-620a86a8 elementor-section-boxed elementor-section-height-default elementor-section-height-default\" data-id=\"620a86a8\" data-element_type=\"section\">\n\t\t\t\t\t\t<div class=\"elementor-container elementor-column-gap-default\">\n\t\t\t\t\t<div class=\"elementor-column elementor-col-100 elementor-top-column elementor-element elementor-element-3f95061\" data-id=\"3f95061\" data-element_type=\"column\">\n\t\t\t<div class=\"elementor-widget-wrap elementor-element-populated\">\n\t\t\t\t\t\t\t\t<div class=\"elementor-element elementor-element-6566eb36 elementor-widget elementor-widget-text-editor\" data-id=\"6566eb36\" data-element_type=\"widget\" data-widget_type=\"text-editor.default\">\n\t\t\t\t<div class=\"elementor-widget-container\">\n\t\t\t<style>\/*! elementor - v3.11.2 - 22-02-2023 *\/\n.elementor-widget-text-editor.elementor-drop-cap-view-stacked .elementor-drop-cap{background-color:#818a91;color:#fff}.elementor-widget-text-editor.elementor-drop-cap-view-framed .elementor-drop-cap{color:#818a91;border:3px solid;background-color:transparent}.elementor-widget-text-editor:not(.elementor-drop-cap-view-default) .elementor-drop-cap{margin-top:8px}.elementor-widget-text-editor:not(.elementor-drop-cap-view-default) .elementor-drop-cap-letter{width:1em;height:1em}.elementor-widget-text-editor .elementor-drop-cap{float:left;text-align:center;line-height:1;font-size:50px}.elementor-widget-text-editor .elementor-drop-cap-letter{display:inline-block}<\/style>\t\t\t\t<p><div id=\"rpt_pricr\" class=\"rpt_plans rpt_4_plans rpt_style_basic\"><div class=\"\"><div class=\"rpt_plan   rpt_plan_0  \"><div style=\"text-align:left;\" class=\"rpt_title rpt_title_0\"><img src=\"http:\/\/webservices34.fr\/wp-content\/uploads\/2018\/08\/LOGOpetit2.png\" class=\"rpt_icon rpt_icon_0\"\/> Tarif Carte de visites<\/div><div class=\"rpt_head rpt_head_0\"><div class=\"rpt_price rpt_price_0\">49 \u20ac<\/div><\/div><a target=\"_blank\" href=\"http:\/\/webservices34.fr\/index.php\/contact\/\" style=\"background:#dd9933\" class=\"rpt_foot rpt_foot_0\">Effectuez votre demande<\/a><\/div><div class=\"rpt_plan   rpt_plan_1  \"><div style=\"text-align:left;\" class=\"rpt_title rpt_title_1\"><img src=\"http:\/\/webservices34.fr\/wp-content\/uploads\/2018\/08\/LOGOpetit2.png\" class=\"rpt_icon rpt_icon_1\"\/> Tarif Flyers 1 volet<\/div><div class=\"rpt_head rpt_head_1\"><div class=\"rpt_price rpt_price_1\">59 \u20ac<\/div><\/div><a target=\"_blank\" href=\"http:\/\/webservices34.fr\/index.php\/contact\/\" style=\"background:#dd9933\" class=\"rpt_foot rpt_foot_1\">Effectuez votre demande<\/a><\/div><div class=\"rpt_plan   rpt_plan_2  \"><div style=\"text-align:left;\" class=\"rpt_title rpt_title_2\"><img src=\"http:\/\/webservices34.fr\/wp-content\/uploads\/2018\/08\/LOGOpetit2.png\" class=\"rpt_icon rpt_icon_2\"\/> Tarif Flyers 2 volets<\/div><div class=\"rpt_head rpt_head_2\"><div class=\"rpt_price rpt_price_2\">89 \u20ac<\/div><\/div><a target=\"_blank\" href=\"http:\/\/webservices34.fr\/index.php\/contact\/%20\" style=\"background:#dd9933\" class=\"rpt_foot rpt_foot_2\">Effectuez votre demande<\/a><\/div><div class=\"rpt_plan   rpt_plan_3  \"><div style=\"text-align:left;\" class=\"rpt_title rpt_title_3\"><img src=\"http:\/\/webservices34.fr\/wp-content\/uploads\/2018\/08\/LOGOpetit2.png\" class=\"rpt_icon rpt_icon_3\"\/> Tarif Flyers 3 volets<\/div><div class=\"rpt_head rpt_head_3\"><div class=\"rpt_price rpt_price_3\">99 \u20ac<\/div><\/div><a target=\"_blank\" href=\"http:\/\/webservices34.fr\/index.php\/contact\/\" style=\"background:#dd9933\" class=\"rpt_foot rpt_foot_3\">Effectuez votre demande<\/a><\/div><\/div><\/div><div style=\"clear:both;\"><\/div><\/p><p style=\"text-align: center;\"><em>Nos tarifs sont affich\u00e9s en TTC<\/em><\/p>\t\t\t\t\t\t<\/div>\n\t\t\t\t<\/div>\n\t\t\t\t\t<\/div>\n\t\t<\/div>\n\t\t\t\t\t\t\t<\/div>\n\t\t<\/section>\n\t\t\t\t\t\t\t<\/div>\n\t\t","protected":false},"excerpt":{"rendered":"<p>Nous r\u00e9alisons pour vous vos documents publicitaires et commerciaux (Flyers, Cartes de visites,Promotions &#8230;) . Comment se d\u00e9roule la cr\u00e9ation de votre communication ? Vous effectuez une demande par email et\/ou t\u00e9l\u00e9phone , une fois votre projet valid\u00e9 , nous allons r\u00e9aliser un premier jet de votre demande. Vous allez pouvoir le modifier jusqu&#8217;a 3 [&hellip;]<\/p>\n","protected":false},"author":1,"featured_media":0,"parent":0,"menu_order":0,"comment_status":"closed","ping_status":"closed","template":"","meta":[],"aioseo_notices":[],"_links":{"self":[{"href":"https:\/\/webservices34.fr\/index.php\/wp-json\/wp\/v2\/pages\/35"}],"collection":[{"href":"https:\/\/webservices34.fr\/index.php\/wp-json\/wp\/v2\/pages"}],"about":[{"href":"https:\/\/webservices34.fr\/index.php\/wp-json\/wp\/v2\/types\/page"}],"author":[{"embeddable":true,"href":"https:\/\/webservices34.fr\/index.php\/wp-json\/wp\/v2\/users\/1"}],"replies":[{"embeddable":true,"href":"https:\/\/webservices34.fr\/index.php\/wp-json\/wp\/v2\/comments?post=35"}],"version-history":[{"count":13,"href":"https:\/\/webservices34.fr\/index.php\/wp-json\/wp\/v2\/pages\/35\/revisions"}],"predecessor-version":[{"id":1134,"href":"https:\/\/webservices34.fr\/index.php\/wp-json\/wp\/v2\/pages\/35\/revisions\/1134"}],"wp:attachment":[{"href":"https:\/\/webservices34.fr\/index.php\/wp-json\/wp\/v2\/media?parent=35"}],"curies":[{"name":"wp","href":"https:\/\/api.w.org\/{rel}","templated":true}]}}