{"id":14,"date":"2018-07-04T15:42:05","date_gmt":"2018-07-04T13:42:05","guid":{"rendered":"http:\/\/webservices34.fr\/?page_id=14"},"modified":"2025-02-04T16:55:59","modified_gmt":"2025-02-04T15:55:59","slug":"creation-site-internet-herault-2","status":"publish","type":"page","link":"https:\/\/webservices34.fr\/index.php\/creation-site-internet-herault-2\/","title":{"rendered":"Cr\u00e9ation Site Internet H\u00e9rault, Gard, Aude, PO"},"content":{"rendered":"\t\t<div data-elementor-type=\"wp-page\" data-elementor-id=\"14\" class=\"elementor elementor-14\">\n\t\t\t\t\t\t\t\t\t<section class=\"elementor-section elementor-top-section elementor-element elementor-element-ce351bd elementor-section-boxed elementor-section-height-default elementor-section-height-default\" data-id=\"ce351bd\" data-element_type=\"section\">\n\t\t\t\t\t\t<div class=\"elementor-container elementor-column-gap-default\">\n\t\t\t\t\t<div class=\"elementor-column elementor-col-16 elementor-top-column elementor-element elementor-element-9062a6d\" data-id=\"9062a6d\" data-element_type=\"column\">\n\t\t\t<div class=\"elementor-widget-wrap\">\n\t\t\t\t\t\t\t\t\t<\/div>\n\t\t<\/div>\n\t\t\t\t<div class=\"elementor-column elementor-col-66 elementor-top-column elementor-element elementor-element-2167a11\" data-id=\"2167a11\" data-element_type=\"column\">\n\t\t\t<div class=\"elementor-widget-wrap elementor-element-populated\">\n\t\t\t\t\t\t\t\t<div class=\"elementor-element elementor-element-59c7648 elementor-widget elementor-widget-image\" data-id=\"59c7648\" data-element_type=\"widget\" data-widget_type=\"image.default\">\n\t\t\t\t<div class=\"elementor-widget-container\">\n\t\t\t<style>\/*! elementor - v3.11.2 - 22-02-2023 *\/\n.elementor-widget-image{text-align:center}.elementor-widget-image a{display:inline-block}.elementor-widget-image a img[src$=\".svg\"]{width:48px}.elementor-widget-image img{vertical-align:middle;display:inline-block}<\/style>\t\t\t\t\t\t\t\t\t\t\t\t<img width=\"960\" height=\"468\" src=\"https:\/\/webservices34.fr\/wp-content\/uploads\/2018\/07\/cr\u00e9ationSiteweb.png\" class=\"attachment-large size-large wp-image-115\" alt=\"\" loading=\"lazy\" srcset=\"https:\/\/webservices34.fr\/wp-content\/uploads\/2018\/07\/cr\u00e9ationSiteweb.png 960w, https:\/\/webservices34.fr\/wp-content\/uploads\/2018\/07\/cr\u00e9ationSiteweb-600x293.png 600w, https:\/\/webservices34.fr\/wp-content\/uploads\/2018\/07\/cr\u00e9ationSiteweb-300x146.png 300w, https:\/\/webservices34.fr\/wp-content\/uploads\/2018\/07\/cr\u00e9ationSiteweb-768x374.png 768w\" sizes=\"(max-width: 960px) 100vw, 960px\" \/>\t\t\t\t\t\t\t\t\t\t\t\t\t\t\t<\/div>\n\t\t\t\t<\/div>\n\t\t\t\t\t<\/div>\n\t\t<\/div>\n\t\t\t\t<div class=\"elementor-column elementor-col-16 elementor-top-column elementor-element elementor-element-8d75f24\" data-id=\"8d75f24\" data-element_type=\"column\">\n\t\t\t<div class=\"elementor-widget-wrap\">\n\t\t\t\t\t\t\t\t\t<\/div>\n\t\t<\/div>\n\t\t\t\t\t\t\t<\/div>\n\t\t<\/section>\n\t\t\t\t<section class=\"elementor-section elementor-top-section elementor-element elementor-element-dc2dc76 elementor-section-boxed elementor-section-height-default elementor-section-height-default\" data-id=\"dc2dc76\" data-element_type=\"section\">\n\t\t\t\t\t\t<div class=\"elementor-container elementor-column-gap-default\">\n\t\t\t\t\t<div class=\"elementor-column elementor-col-100 elementor-top-column elementor-element elementor-element-1d89233\" data-id=\"1d89233\" data-element_type=\"column\">\n\t\t\t<div class=\"elementor-widget-wrap elementor-element-populated\">\n\t\t\t\t\t\t\t\t<div class=\"elementor-element elementor-element-4979c71 elementor-widget elementor-widget-heading\" data-id=\"4979c71\" data-element_type=\"widget\" data-widget_type=\"heading.default\">\n\t\t\t\t<div class=\"elementor-widget-container\">\n\t\t\t<style>\/*! elementor - v3.11.2 - 22-02-2023 *\/\n.elementor-heading-title{padding:0;margin:0;line-height:1}.elementor-widget-heading .elementor-heading-title[class*=elementor-size-]>a{color:inherit;font-size:inherit;line-height:inherit}.elementor-widget-heading .elementor-heading-title.elementor-size-small{font-size:15px}.elementor-widget-heading .elementor-heading-title.elementor-size-medium{font-size:19px}.elementor-widget-heading .elementor-heading-title.elementor-size-large{font-size:29px}.elementor-widget-heading .elementor-heading-title.elementor-size-xl{font-size:39px}.elementor-widget-heading .elementor-heading-title.elementor-size-xxl{font-size:59px}<\/style><h2 class=\"elementor-heading-title elementor-size-default\">WebServices 34 &nbsp;est&nbsp;sp\u00e9cialis\u00e9e dans la cr\u00e9ation de sites internet (vitrine &amp; e-commerce)&nbsp;et le r\u00e9f\u00e9rencement SEO.\n\n<br \/><br \/>Nous intervenons en r\u00e9gion Occitanie dans le d\u00e9partement de l\u2019H\u00e9rault, le Gard, l'Aude et les Pyr\u00e9n\u00e9es Orientales.<div><div><div><div data-hveid=\"CAIQBg\"><div data-hveid=\"CAIQBw\"><div data-ved=\"2ahUKEwiRyqOq17CJAxX8AfsDHRJyLt4QqPUHegQIERAA\"><div><div><div><div data-hveid=\"CAoQAA\" data-ved=\"2ahUKEwiRyqOq17CJAxX8AfsDHRJyLt4QlcAGegQIChAA\"><div><div>  <\/div><div><div>     <\/div><\/div><\/div><\/div><\/div><\/div><\/div><\/div><\/div><\/div><\/div><\/div><\/div>\n\n<br \/><br \/>Quelque soit la nature ou la taille de votre entreprise&nbsp;, la cr\u00e9ation de&nbsp;votre site web est indispensable pour vous faire connaitre et&nbsp;vous d\u00e9marquer de la concurrence .\n\n<br \/><br \/>Il n'est pas n\u00e9cessaire d\u2019avoir un site dont le prix est exorbitant , un simple site web de 3 pages peut suffire, l\u2019important \u00e9tant d\u2019avoir un&nbsp;Site Moderne, Rapide, et S\u00e9curis\u00e9 .\n\n<br \/><br \/>C\u2019est pour cel\u00e0 que nous vous proposons&nbsp;plusieurs formules&nbsp;adapt\u00e9es \u00e0 votre entreprise .\n  <br \/><br \/><\/h2>\t\t<\/div>\n\t\t\t\t<\/div>\n\t\t\t\t\t<\/div>\n\t\t<\/div>\n\t\t\t\t\t\t\t<\/div>\n\t\t<\/section>\n\t\t\t\t<section class=\"elementor-section elementor-top-section elementor-element elementor-element-d928b58 elementor-section-boxed elementor-section-height-default elementor-section-height-default\" data-id=\"d928b58\" data-element_type=\"section\">\n\t\t\t\t\t\t<div class=\"elementor-container elementor-column-gap-default\">\n\t\t\t\t\t<div class=\"elementor-column elementor-col-100 elementor-top-column elementor-element elementor-element-49d70181\" data-id=\"49d70181\" data-element_type=\"column\">\n\t\t\t<div class=\"elementor-widget-wrap elementor-element-populated\">\n\t\t\t\t\t\t\t\t<div class=\"elementor-element elementor-element-40389908 elementor-widget elementor-widget-text-editor\" data-id=\"40389908\" data-element_type=\"widget\" data-widget_type=\"text-editor.default\">\n\t\t\t\t<div class=\"elementor-widget-container\">\n\t\t\t<style>\/*! elementor - v3.11.2 - 22-02-2023 *\/\n.elementor-widget-text-editor.elementor-drop-cap-view-stacked .elementor-drop-cap{background-color:#818a91;color:#fff}.elementor-widget-text-editor.elementor-drop-cap-view-framed .elementor-drop-cap{color:#818a91;border:3px solid;background-color:transparent}.elementor-widget-text-editor:not(.elementor-drop-cap-view-default) .elementor-drop-cap{margin-top:8px}.elementor-widget-text-editor:not(.elementor-drop-cap-view-default) .elementor-drop-cap-letter{width:1em;height:1em}.elementor-widget-text-editor .elementor-drop-cap{float:left;text-align:center;line-height:1;font-size:50px}.elementor-widget-text-editor .elementor-drop-cap-letter{display:inline-block}<\/style>\t\t\t\t<h1><a href=\"http:\/\/webservices34.fr\/wp-content\/uploads\/2018\/07\/FORMULES.png\"><img loading=\"lazy\" class=\"aligncenter wp-image-157\" src=\"http:\/\/webservices34.fr\/wp-content\/uploads\/2018\/07\/FORMULES.png\" alt=\"\" width=\"785\" height=\"145\" \/><\/a><\/h1><h3 style=\"text-align: center;\"><strong>PACK VISIBILITE<\/strong><\/h3><p><\/p><\/div><\/div><\/div><\/div><\/div><\/section><\/div> <a href=\"https:\/\/webservices34.fr\/index.php\/rpt_pricing_table\/129\/#more-129\" class=\"more-link elementor-more-link\"><span aria-label=\"Poursuivre la lecture PACK VITRINE\">(plus\u2026)<\/span><\/a>","protected":false},"excerpt":{"rendered":"<p>WebServices 34 &nbsp;est&nbsp;sp\u00e9cialis\u00e9e dans la cr\u00e9ation de sites internet (vitrine &amp; e-commerce)&nbsp;et le r\u00e9f\u00e9rencement SEO. Nous intervenons en r\u00e9gion Occitanie dans le d\u00e9partement de l\u2019H\u00e9rault, le Gard, l&#8217;Aude et les Pyr\u00e9n\u00e9es Orientales. Quelque soit la nature ou la taille de votre entreprise&nbsp;, la cr\u00e9ation de&nbsp;votre site web est indispensable pour vous faire connaitre et&nbsp;vous d\u00e9marquer [&hellip;]<\/p>\n","protected":false},"author":1,"featured_media":116,"parent":0,"menu_order":0,"comment_status":"closed","ping_status":"closed","template":"","meta":[],"aioseo_notices":[],"_links":{"self":[{"href":"https:\/\/webservices34.fr\/index.php\/wp-json\/wp\/v2\/pages\/14"}],"collection":[{"href":"https:\/\/webservices34.fr\/index.php\/wp-json\/wp\/v2\/pages"}],"about":[{"href":"https:\/\/webservices34.fr\/index.php\/wp-json\/wp\/v2\/types\/page"}],"author":[{"embeddable":true,"href":"https:\/\/webservices34.fr\/index.php\/wp-json\/wp\/v2\/users\/1"}],"replies":[{"embeddable":true,"href":"https:\/\/webservices34.fr\/index.php\/wp-json\/wp\/v2\/comments?post=14"}],"version-history":[{"count":110,"href":"https:\/\/webservices34.fr\/index.php\/wp-json\/wp\/v2\/pages\/14\/revisions"}],"predecessor-version":[{"id":1366,"href":"https:\/\/webservices34.fr\/index.php\/wp-json\/wp\/v2\/pages\/14\/revisions\/1366"}],"wp:featuredmedia":[{"embeddable":true,"href":"https:\/\/webservices34.fr\/index.php\/wp-json\/wp\/v2\/media\/116"}],"wp:attachment":[{"href":"https:\/\/webservices34.fr\/index.php\/wp-json\/wp\/v2\/media?parent=14"}],"curies":[{"name":"wp","href":"https:\/\/api.w.org\/{rel}","templated":true}]}}