{"id":105,"date":"2018-07-05T15:52:30","date_gmt":"2018-07-05T13:52:30","guid":{"rendered":"http:\/\/webservices34.fr\/?page_id=105"},"modified":"2018-07-13T15:11:22","modified_gmt":"2018-07-13T13:11:22","slug":"formations-a-domicile","status":"publish","type":"page","link":"https:\/\/webservices34.fr\/index.php\/formations-a-domicile\/","title":{"rendered":"Formations \u00e0 domicile"},"content":{"rendered":"<p>&nbsp;<\/p>\n<p><a href=\"http:\/\/webservices34.fr\/wp-content\/uploads\/2018\/07\/logopetit-12.png\"><img loading=\"lazy\" class=\"size-full wp-image-182 alignleft\" src=\"http:\/\/webservices34.fr\/wp-content\/uploads\/2018\/07\/logopetit-12.png\" alt=\"\" width=\"150\" height=\"150\" srcset=\"https:\/\/webservices34.fr\/wp-content\/uploads\/2018\/07\/logopetit-12.png 150w, https:\/\/webservices34.fr\/wp-content\/uploads\/2018\/07\/logopetit-12-100x100.png 100w\" sizes=\"(max-width: 150px) 100vw, 150px\" \/><\/a><\/p>\n<p>&nbsp;<\/p>\n<p>&nbsp;<\/p>\n<p>&nbsp;<\/p>\n<p>&nbsp;<\/p>\n<p>&nbsp;<\/p>\n<p><b>WebServices 34<\/b>\u00a0vous accompagne dans vos usages informatiques quotidiens.<\/p>\n<p>Nous souhaitons vous aider dans\u00a0vos usages et besoins quotidiens :<\/p>\n<p>&nbsp;<\/p>\n<ul>\n<li><strong>Naviguer sur internet<\/strong> en toute s\u00e9curit\u00e9 et simplement.<\/li>\n<li><strong>Ma\u00eetriser l\u2019envoi et la r\u00e9ception d&#8217;emails<\/strong><\/li>\n<li><strong>Savoir r\u00e9diger un courrier ou un rapport<\/strong> avec \u00a0Open Office, Word<\/li>\n<li><strong>S\u00e9curiser l\u2019acc\u00e8s internet des enfants<\/strong> avec le contr\u00f4le parental<\/li>\n<li><strong>Graver des CD ou DVD<\/strong> en toute simplicit\u00e9 pour sauvegarder ses documents<\/li>\n<li><strong>T\u00e9l\u00e9phoner gratuitement<\/strong> avec mon ordinateur avec Skype<\/li>\n<li><strong>Parler avec des proches<\/strong> avec Windows Live ou Skype<\/li>\n<li><strong>Cr\u00e9ation de documents \/ fichiers<\/strong><\/li>\n<li><strong>Effectuer les mises \u00e0 jour de votre ordinateur<\/strong><\/li>\n<li><strong>Effectuer des Achats sur internet en s\u00e9curit\u00e9<\/strong><\/li>\n<\/ul>\n<p>&nbsp;<\/p>\n<p>Si vous avez d&#8217;autres besoins de formations , n&#8217;h\u00e9sitez pas \u00e0 nous contacter pour \u00e9laborer un plan de formation.<\/p>\n<p>&nbsp;<\/p>\n<div id=\"rpt_pricr\" class=\"rpt_plans rpt_1_plans rpt_style_basic\"><div class=\"\"><div class=\"rpt_plan   rpt_plan_0  \"><div style=\"text-align:left;\" class=\"rpt_title rpt_title_0\"><img src=\"http:\/\/webservices34.fr\/wp-content\/uploads\/2018\/08\/LOGOpetit2.png\" class=\"rpt_icon rpt_icon_0\"\/> Nos tarifs avec d\u00e9placement<\/div><div class=\"rpt_head rpt_head_0\"><div class=\"rpt_price rpt_price_0\">49\u20ac de l'heure<\/div><\/div><a target=\"_blank\" href=\"http:\/\/webservices34.fr\/index.php\/contact\/%20\" style=\"background:#dd9933\" class=\"rpt_foot rpt_foot_0\">R\u00e9servez votre rendez-vous<\/a><\/div><\/div><\/div><div style=\"clear:both;\"><\/div>\n<p style=\"text-align: center;\"><em>Nos tarifs sont affich\u00e9s en TTC<\/em><\/p>\n","protected":false},"excerpt":{"rendered":"<p>&nbsp; &nbsp; &nbsp; &nbsp; &nbsp; &nbsp; WebServices 34\u00a0vous accompagne dans vos usages informatiques quotidiens. Nous souhaitons vous aider dans\u00a0vos usages et besoins quotidiens : &nbsp; Naviguer sur internet en toute s\u00e9curit\u00e9 et simplement. Ma\u00eetriser l\u2019envoi et la r\u00e9ception d&#8217;emails Savoir r\u00e9diger un courrier ou un rapport avec \u00a0Open Office, Word S\u00e9curiser l\u2019acc\u00e8s internet des enfants [&hellip;]<\/p>\n","protected":false},"author":1,"featured_media":0,"parent":0,"menu_order":0,"comment_status":"closed","ping_status":"closed","template":"","meta":[],"aioseo_notices":[],"_links":{"self":[{"href":"https:\/\/webservices34.fr\/index.php\/wp-json\/wp\/v2\/pages\/105"}],"collection":[{"href":"https:\/\/webservices34.fr\/index.php\/wp-json\/wp\/v2\/pages"}],"about":[{"href":"https:\/\/webservices34.fr\/index.php\/wp-json\/wp\/v2\/types\/page"}],"author":[{"embeddable":true,"href":"https:\/\/webservices34.fr\/index.php\/wp-json\/wp\/v2\/users\/1"}],"replies":[{"embeddable":true,"href":"https:\/\/webservices34.fr\/index.php\/wp-json\/wp\/v2\/comments?post=105"}],"version-history":[{"count":9,"href":"https:\/\/webservices34.fr\/index.php\/wp-json\/wp\/v2\/pages\/105\/revisions"}],"predecessor-version":[{"id":291,"href":"https:\/\/webservices34.fr\/index.php\/wp-json\/wp\/v2\/pages\/105\/revisions\/291"}],"wp:attachment":[{"href":"https:\/\/webservices34.fr\/index.php\/wp-json\/wp\/v2\/media?parent=105"}],"curies":[{"name":"wp","href":"https:\/\/api.w.org\/{rel}","templated":true}]}}